{"id":12,"date":"2009-04-27T06:31:14","date_gmt":"2009-04-27T06:31:14","guid":{"rendered":"http:\/\/www.abdullahokumus.com\/?page_id=12"},"modified":"2018-04-09T12:13:59","modified_gmt":"2018-04-09T12:13:59","slug":"verdigi-dersler","status":"publish","type":"page","link":"https:\/\/www.abdullahokumus.com\/?page_id=12","title":{"rendered":"Verdi\u011fim Dersler"},"content":{"rendered":"<ul>\n<li>\n<div class=\"AkademikBilgiSatir\">K\u00fcresel Pazarlama Konular\u0131, Doktora, 2016-2017<\/div>\n<div class=\"AkademikBilgiSatir\"><\/div>\n<\/li>\n<li>\n<div class=\"AkademikBilgiSatir\">Pazarlama Y\u00f6netimi, Lisans, 2016-2017<\/div>\n<div class=\"AkademikBilgiSatir\"><\/div>\n<\/li>\n<li>\n<div class=\"AkademikBilgiSatir\">Ara\u015ft\u0131rma Y\u00f6ntemleri, Lisans, 2016-2017<\/div>\n<div class=\"AkademikBilgiSatir\"><\/div>\n<\/li>\n<li>\n<div class=\"AkademikBilgiSatir\">Davran\u0131\u015fsal Pazarlama, Doktora, 2016-2017<\/div>\n<div class=\"AkademikBilgiSatir\"><\/div>\n<\/li>\n<li>\n<div class=\"AkademikBilgiSatir\">T\u00fcketici Davran\u0131\u015f\u0131, Y\u00fcksek Lisans, 2016-2017<\/div>\n<div class=\"AkademikBilgiSatir\"><\/div>\n<\/li>\n<li>\n<div class=\"AkademikBilgiSatir\">Pazarlama Ara\u015ft\u0131rmalar\u0131, Y\u00fcksek Lisans, 2016-2017<\/div>\n<\/li>\n<li>T\u00fcketici Davran\u0131\u015f\u0131, Y\u00fcksek Lisans, 2015-2016<\/li>\n<li>Pazarlama Ara\u015ft\u0131rmalar\u0131, Y\u00fcksek Lisans, 2015-2016<\/li>\n<li>Ara\u015ft\u0131rma Y\u00f6ntemleri, Lisans, 2015-2016<\/li>\n<li>T\u00fcketici Davran\u0131\u015flar\u0131, Y\u00fcksek Lisans, 2015-2016<\/li>\n<li>Pazarlama Ara\u015ft\u0131rmalar\u0131, Y\u00fcksek Lisans, 2015-2016<\/li>\n<li>Pazarlama Y\u00f6netimi, Lisans, 2014-2015<\/li>\n<li>Pazarlama Ara\u015ft\u0131rmalar\u0131, Y\u00fcksek Lisans, 2014-2015<\/li>\n<li>Pazarlama Y\u00f6netimi, Y\u00fcksek Lisans, 2014-2015<\/li>\n<li>K\u00fcresel Pazarlama Konular\u0131, Doktora, 2014-2015<\/li>\n<li>Pazarlama Ara\u015ft\u0131rmalar\u0131, Y\u00fcksek Lisans, 2014-2015<\/li>\n<li>Ara\u015ft\u0131rma Y\u00f6ntemleri, Lisans, 2014-2015<\/li>\n<li>T\u00fcketici Davran\u0131\u015f\u0131, Y\u00fcksek Lisans, 2014-2015<\/li>\n<li>Davran\u0131\u015fsal Pazarlama, Doktora, 2014-2015<\/li>\n<li>T\u00fcketici Davran\u0131\u015f\u0131, Y\u00fcksek Lisans, 2014-2015<\/li>\n<li>\u0130thalat \u0130hracat Pazarlamas\u0131, Doktora, 2013-2014<\/li>\n<li>Pazarlama Y\u00f6netimi, Lisans, 2013-2014<\/li>\n<li>T\u00fcketici Davran\u0131\u015f\u0131, Y\u00fcksek Lisans, 2013-2014<\/li>\n<li>Ara\u015ft\u0131rma Y\u00f6ntemleri, Lisans, 2013-2014<\/li>\n<li>Davran\u0131\u015fsal Pazarlama, Doktora, 2013-2014<\/li>\n<li>PAZARLAMA Y\u00d6NET\u0130M\u0130, Lisans, 2012-2013<\/li>\n<li>PAZARLAMA Y\u00d6NET\u0130M\u0130, Y\u00fcksek Lisans, 2012-2013<\/li>\n<li>\u0130HRACAT \u0130THALAT PAZARLAMASI, Doktora, 2012-2013<\/li>\n<li>PAZARLAMA ARA\u015eTIRMALARI, Y\u00fcksek Lisans, 2012-2013<\/li>\n<li>T\u00dcKET\u0130C\u0130 DAVRANI\u015eI, Y\u00fcksek Lisans, 2012-2013<\/li>\n<li>ARA\u015eTIRMA Y\u00d6NTEMLER\u0130, Lisans, 2012-2013<\/li>\n<li>DAVRANI\u015eSAL PAZARLAMA, Doktora, 2012-2013<\/li>\n<li>T\u00dcKET\u0130C\u0130 DAVRANI\u015eI, SATI\u015e VE M\u00dc\u015eTER\u0130 \u0130L\u0130\u015eK\u0130LER\u0130 Y\u00d6NET\u0130M\u0130, Y\u00fcksek Lisans, 2011-2012<\/li>\n<li>ARA\u015eTIRMA Y\u00d6NTEM B\u0130L\u0130M, Y\u00fcksek Lisans, 2010-2011<\/li>\n<li>SATI\u015e Y\u00d6NET\u0130M\u0130, Lisans, 2009-2010<\/li>\n<li>SATI\u015e Y\u00d6NET\u0130M\u0130, Y\u00fcksek Lisans, 2009-2010<\/li>\n<li>ARA\u015eTIRMA Y\u00d6NTEMLER\u0130, Y\u00fcksek Lisans, 2009-2010<\/li>\n<li>PAZARLAMA ARA\u015eTIRMALARI, Lisans, 2009-2010<\/li>\n<li>PAZARLAMA \u0130LKELER\u0130, Lisans, 2006-2007<\/li>\n<\/ul>\n<p><strong>\u0130LG\u0130 ALANLARI, ARA\u015eTIRMA, E\u011e\u0130T\u0130M VE SEM\u0130NERLER<\/strong><\/p>\n<ul>\n<li>Pazarlama<\/li>\n<li>T\u00fcketici Davran\u0131\u015f\u0131<\/li>\n<li>Sat\u0131\u015f Y\u00f6netimi<\/li>\n<li>Pazarlama Ara\u015ft\u0131rmalar\u0131<\/li>\n<li>Yap\u0131sal E\u015fitlik Modellemesi<\/li>\n<li>Ara\u015ft\u0131rma Y\u00f6ntemleri<\/li>\n<li>Pazarlama Y\u00f6netimi<\/li>\n<li>Kamuoyu Ara\u015ft\u0131rmalar\u0131<\/li>\n<li>SPSS<\/li>\n<li>M\u00fc\u015fteri \u0130li\u015fkileri Y\u00f6netimi<\/li>\n<li>Marka Y\u00f6netimi ve Marka Ki\u015fili\u011fi Olu\u015fturma<\/li>\n<li>Pazarlama Zekas\u0131<\/li>\n<\/ul>\n","protected":false},"excerpt":{"rendered":"<p>K\u00fcresel Pazarlama Konular\u0131, Doktora, 2016-2017 Pazarlama Y\u00f6netimi, Lisans, 2016-2017 Ara\u015ft\u0131rma Y\u00f6ntemleri, Lisans, 2016-2017 Davran\u0131\u015fsal Pazarlama, Doktora, 2016-2017 T\u00fcketici Davran\u0131\u015f\u0131, Y\u00fcksek Lisans, 2016-2017 Pazarlama Ara\u015ft\u0131rmalar\u0131, Y\u00fcksek Lisans, 2016-2017 T\u00fcketici Davran\u0131\u015f\u0131, Y\u00fcksek Lisans, 2015-2016 Pazarlama Ara\u015ft\u0131rmalar\u0131, Y\u00fcksek Lisans, 2015-2016 Ara\u015ft\u0131rma Y\u00f6ntemleri, Lisans, &hellip; <a href=\"https:\/\/www.abdullahokumus.com\/?page_id=12\">Okumaya devam et <span class=\"meta-nav\">&rarr;<\/span><\/a><\/p>\n","protected":false},"author":2,"featured_media":0,"parent":0,"menu_order":3,"comment_status":"closed","ping_status":"closed","template":"","meta":{"jetpack_post_was_ever_published":false,"footnotes":""},"class_list":["post-12","page","type-page","status-publish","hentry"],"yoast_head":"<!-- This site is optimized with the Yoast SEO plugin v27.2 - https:\/\/yoast.com\/product\/yoast-seo-wordpress\/ -->\n<title>Verdi\u011fim Dersler - Prof. Dr. Abdullah OKUMU\u015e<\/title>\n<meta name=\"robots\" content=\"index, follow, max-snippet:-1, max-image-preview:large, max-video-preview:-1\" \/>\n<link rel=\"canonical\" href=\"https:\/\/www.abdullahokumus.com\/?page_id=12\" \/>\n<meta property=\"og:locale\" content=\"tr_TR\" \/>\n<meta property=\"og:type\" content=\"article\" \/>\n<meta property=\"og:title\" content=\"Verdi\u011fim Dersler - Prof. Dr. Abdullah OKUMU\u015e\" \/>\n<meta property=\"og:description\" content=\"K\u00fcresel Pazarlama Konular\u0131, Doktora, 2016-2017 Pazarlama Y\u00f6netimi, Lisans, 2016-2017 Ara\u015ft\u0131rma Y\u00f6ntemleri, Lisans, 2016-2017 Davran\u0131\u015fsal Pazarlama, Doktora, 2016-2017 T\u00fcketici Davran\u0131\u015f\u0131, Y\u00fcksek Lisans, 2016-2017 Pazarlama Ara\u015ft\u0131rmalar\u0131, Y\u00fcksek Lisans, 2016-2017 T\u00fcketici Davran\u0131\u015f\u0131, Y\u00fcksek Lisans, 2015-2016 Pazarlama Ara\u015ft\u0131rmalar\u0131, Y\u00fcksek Lisans, 2015-2016 Ara\u015ft\u0131rma Y\u00f6ntemleri, Lisans, &hellip; Okumaya devam et &rarr;\" \/>\n<meta property=\"og:url\" content=\"https:\/\/www.abdullahokumus.com\/?page_id=12\" \/>\n<meta property=\"og:site_name\" content=\"Prof. Dr. Abdullah OKUMU\u015e\" \/>\n<meta property=\"article:modified_time\" content=\"2018-04-09T12:13:59+00:00\" \/>\n<meta name=\"twitter:card\" content=\"summary_large_image\" \/>\n<meta name=\"twitter:label1\" content=\"Tahmini okuma s\u00fcresi\" \/>\n\t<meta name=\"twitter:data1\" content=\"2 dakika\" \/>\n<script type=\"application\/ld+json\" class=\"yoast-schema-graph\">{\"@context\":\"https:\/\/schema.org\",\"@graph\":[{\"@type\":\"WebPage\",\"@id\":\"https:\/\/www.abdullahokumus.com\/?page_id=12\",\"url\":\"https:\/\/www.abdullahokumus.com\/?page_id=12\",\"name\":\"Verdi\u011fim Dersler - Prof. Dr. Abdullah OKUMU\u015e\",\"isPartOf\":{\"@id\":\"https:\/\/www.abdullahokumus.com\/#website\"},\"datePublished\":\"2009-04-27T06:31:14+00:00\",\"dateModified\":\"2018-04-09T12:13:59+00:00\",\"breadcrumb\":{\"@id\":\"https:\/\/www.abdullahokumus.com\/?page_id=12#breadcrumb\"},\"inLanguage\":\"tr\",\"potentialAction\":[{\"@type\":\"ReadAction\",\"target\":[\"https:\/\/www.abdullahokumus.com\/?page_id=12\"]}]},{\"@type\":\"BreadcrumbList\",\"@id\":\"https:\/\/www.abdullahokumus.com\/?page_id=12#breadcrumb\",\"itemListElement\":[{\"@type\":\"ListItem\",\"position\":1,\"name\":\"Ana sayfa\",\"item\":\"https:\/\/www.abdullahokumus.com\/\"},{\"@type\":\"ListItem\",\"position\":2,\"name\":\"Verdi\u011fim Dersler\"}]},{\"@type\":\"WebSite\",\"@id\":\"https:\/\/www.abdullahokumus.com\/#website\",\"url\":\"https:\/\/www.abdullahokumus.com\/\",\"name\":\"Prof. Dr. Abdullah OKUMU\u015e\",\"description\":\"Dekan, \u0130stanbul \u00dcniversitesi, Ula\u015ft\u0131rma ve Lojistik Fak\u00fcltesi \/ \u0130stanbul \u00dcniversitesi, \u0130\u015fletme Fak\u00fcltesi, Pazarlama Anabilim Dal\u0131 \u00d6\u011fretim \u00dcyesi\",\"potentialAction\":[{\"@type\":\"SearchAction\",\"target\":{\"@type\":\"EntryPoint\",\"urlTemplate\":\"https:\/\/www.abdullahokumus.com\/?s={search_term_string}\"},\"query-input\":{\"@type\":\"PropertyValueSpecification\",\"valueRequired\":true,\"valueName\":\"search_term_string\"}}],\"inLanguage\":\"tr\"}]}<\/script>\n<!-- \/ Yoast SEO plugin. -->","yoast_head_json":{"title":"Verdi\u011fim Dersler - Prof. Dr. Abdullah OKUMU\u015e","robots":{"index":"index","follow":"follow","max-snippet":"max-snippet:-1","max-image-preview":"max-image-preview:large","max-video-preview":"max-video-preview:-1"},"canonical":"https:\/\/www.abdullahokumus.com\/?page_id=12","og_locale":"tr_TR","og_type":"article","og_title":"Verdi\u011fim Dersler - Prof. Dr. Abdullah OKUMU\u015e","og_description":"K\u00fcresel Pazarlama Konular\u0131, Doktora, 2016-2017 Pazarlama Y\u00f6netimi, Lisans, 2016-2017 Ara\u015ft\u0131rma Y\u00f6ntemleri, Lisans, 2016-2017 Davran\u0131\u015fsal Pazarlama, Doktora, 2016-2017 T\u00fcketici Davran\u0131\u015f\u0131, Y\u00fcksek Lisans, 2016-2017 Pazarlama Ara\u015ft\u0131rmalar\u0131, Y\u00fcksek Lisans, 2016-2017 T\u00fcketici Davran\u0131\u015f\u0131, Y\u00fcksek Lisans, 2015-2016 Pazarlama Ara\u015ft\u0131rmalar\u0131, Y\u00fcksek Lisans, 2015-2016 Ara\u015ft\u0131rma Y\u00f6ntemleri, Lisans, &hellip; Okumaya devam et &rarr;","og_url":"https:\/\/www.abdullahokumus.com\/?page_id=12","og_site_name":"Prof. Dr. Abdullah OKUMU\u015e","article_modified_time":"2018-04-09T12:13:59+00:00","twitter_card":"summary_large_image","twitter_misc":{"Tahmini okuma s\u00fcresi":"2 dakika"},"schema":{"@context":"https:\/\/schema.org","@graph":[{"@type":"WebPage","@id":"https:\/\/www.abdullahokumus.com\/?page_id=12","url":"https:\/\/www.abdullahokumus.com\/?page_id=12","name":"Verdi\u011fim Dersler - Prof. Dr. Abdullah OKUMU\u015e","isPartOf":{"@id":"https:\/\/www.abdullahokumus.com\/#website"},"datePublished":"2009-04-27T06:31:14+00:00","dateModified":"2018-04-09T12:13:59+00:00","breadcrumb":{"@id":"https:\/\/www.abdullahokumus.com\/?page_id=12#breadcrumb"},"inLanguage":"tr","potentialAction":[{"@type":"ReadAction","target":["https:\/\/www.abdullahokumus.com\/?page_id=12"]}]},{"@type":"BreadcrumbList","@id":"https:\/\/www.abdullahokumus.com\/?page_id=12#breadcrumb","itemListElement":[{"@type":"ListItem","position":1,"name":"Ana sayfa","item":"https:\/\/www.abdullahokumus.com\/"},{"@type":"ListItem","position":2,"name":"Verdi\u011fim Dersler"}]},{"@type":"WebSite","@id":"https:\/\/www.abdullahokumus.com\/#website","url":"https:\/\/www.abdullahokumus.com\/","name":"Prof. Dr. Abdullah OKUMU\u015e","description":"Dekan, \u0130stanbul \u00dcniversitesi, Ula\u015ft\u0131rma ve Lojistik Fak\u00fcltesi \/ \u0130stanbul \u00dcniversitesi, \u0130\u015fletme Fak\u00fcltesi, Pazarlama Anabilim Dal\u0131 \u00d6\u011fretim \u00dcyesi","potentialAction":[{"@type":"SearchAction","target":{"@type":"EntryPoint","urlTemplate":"https:\/\/www.abdullahokumus.com\/?s={search_term_string}"},"query-input":{"@type":"PropertyValueSpecification","valueRequired":true,"valueName":"search_term_string"}}],"inLanguage":"tr"}]}},"jetpack_sharing_enabled":true,"jetpack_shortlink":"https:\/\/wp.me\/Py4vK-c","_links":{"self":[{"href":"https:\/\/www.abdullahokumus.com\/index.php?rest_route=\/wp\/v2\/pages\/12","targetHints":{"allow":["GET"]}}],"collection":[{"href":"https:\/\/www.abdullahokumus.com\/index.php?rest_route=\/wp\/v2\/pages"}],"about":[{"href":"https:\/\/www.abdullahokumus.com\/index.php?rest_route=\/wp\/v2\/types\/page"}],"author":[{"embeddable":true,"href":"https:\/\/www.abdullahokumus.com\/index.php?rest_route=\/wp\/v2\/users\/2"}],"replies":[{"embeddable":true,"href":"https:\/\/www.abdullahokumus.com\/index.php?rest_route=%2Fwp%2Fv2%2Fcomments&post=12"}],"version-history":[{"count":0,"href":"https:\/\/www.abdullahokumus.com\/index.php?rest_route=\/wp\/v2\/pages\/12\/revisions"}],"wp:attachment":[{"href":"https:\/\/www.abdullahokumus.com\/index.php?rest_route=%2Fwp%2Fv2%2Fmedia&parent=12"}],"curies":[{"name":"wp","href":"https:\/\/api.w.org\/{rel}","templated":true}]}}