{"id":184,"date":"2011-04-28T00:45:30","date_gmt":"2011-04-28T00:45:30","guid":{"rendered":"http:\/\/www.abdullahokumus.com\/?page_id=184"},"modified":"2019-11-30T22:35:22","modified_gmt":"2019-11-30T19:35:22","slug":"idari-gorevler","status":"publish","type":"page","link":"https:\/\/www.abdullahokumus.com\/?page_id=184","title":{"rendered":"\u0130dari G\u00f6revlerim"},"content":{"rendered":"<ul>\n<li><strong>Anabilim\/Bilim Dal\u0131 Ba\u015fkan\u0131<\/strong>, \u0130STANBUL \u00dcN\u0130VERS\u0130TES\u0130 Fen Bilimleri Enstit\u00fcs\u00fc, Ak\u0131ll\u0131 Ula\u015f\u0131m Sistemleri Anabilim Dal\u0131, 14.02.2018 &#8211; Devam Ediyor<\/li>\n<li><strong>Dekan<\/strong>, \u0130STANBUL \u00dcN\u0130VERS\u0130TES\u0130 Ula\u015ft\u0131rma ve Lojistik Fak\u00fcltesi, , 13.10.2015 &#8211; Devam Ediyor<\/li>\n<li>\n<div class=\"AkademikBilgiSatir\"><strong>Anabilim\/Bilim Dal\u0131 Ba\u015fkan\u0131<\/strong>, \u0130STANBUL \u00dcN\u0130VERS\u0130TES\u0130 Ula\u015ft\u0131rma ve Lojistik Fak\u00fcltesi, Ula\u015ft\u0131rma ve Lojistik B\u00f6l\u00fcm\u00fc, 10.09.2015 &#8211; Devam Ediyor<\/div>\n<div class=\"AkademikBilgiSatir\"><\/div>\n<\/li>\n<li>\n<div class=\"AkademikBilgiSatir\"><strong>B\u00f6l\u00fcm Ba\u015fkan\u0131<\/strong>, \u0130STANBUL \u00dcN\u0130VERS\u0130TES\u0130 Ula\u015ft\u0131rma ve Lojistik Fak\u00fcltesi, Ula\u015ft\u0131rma ve Lojistik B\u00f6l\u00fcm\u00fc, 10.09.2015 &#8211; Devam Ediyor<\/div>\n<\/li>\n<li><strong>Vekil Dekan<\/strong>, \u0130STANBUL \u00dcN\u0130VERS\u0130TES\u0130 Ula\u015ft\u0131rma ve Lojistik Fak\u00fcltesi, , 10.09.2015 &#8211; 12.10.2015<\/li>\n<li><strong>Y\u00f6netim Kurulu \u00dcyesi<\/strong>, \u0130STANBUL \u00dcN\u0130VERS\u0130TES\u0130 Ula\u015ft\u0131rma ve Lojistik Fak\u00fcltesi, 26.07.2015 &#8211; Devam Ediyor<\/li>\n<li><strong>Fak\u00fclte Kurulu \u00dcyesi<\/strong>, \u0130STANBUL \u00dcN\u0130VERS\u0130TES\u0130 Ula\u015ft\u0131rma ve Lojistik Fak\u00fcltesi, , 26.07.2015 &#8211; Devam Ediyor<\/li>\n<li><strong>Fak\u00fclte Senat\u00f6r\u00fc<\/strong>, \u0130STANBUL \u00dcN\u0130VERS\u0130TES\u0130 Ula\u015ft\u0131rma ve Lojistik Fak\u00fcltesi, , 26.07.2015 &#8211; 30.09.2015<\/li>\n<li><strong>Y\u00f6netim Kurulu \u00dcyesi<\/strong>, \u0130STANBUL \u00dcN\u0130VERS\u0130TES\u0130 Teknoloji Transfer Merkezi, , 01.06.2015 &#8211; Devam Ediyor<\/li>\n<li><strong>Y\u00f6netim Kurulu \u00dcyesi<\/strong>, \u0130STANBUL \u00dcN\u0130VERS\u0130TES\u0130 Sosyal Sorumluluk Uygulama ve Ara\u015ft\u0131rma Merkezi, , 01.06.2015 &#8211; Devam Ediyor<\/li>\n<li><strong>M\u00fcd\u00fcr Yard\u0131mc\u0131s\u0131<\/strong>, \u0130STANBUL \u00dcN\u0130VERS\u0130TES\u0130 Teknoloji Transfer Merkezi, , 01.06.2015 &#8211; 01.01.2019<\/li>\n<li><strong>Program Koordinat\u00f6r\u00fc<\/strong>, \u0130STANBUL \u00dcN\u0130VERS\u0130TES\u0130 AUZEF, Perakende Sat\u0131\u015f ve Ma\u011faza Y\u00f6netimi, \u00d6n Lisans, 01.12.2014 &#8211; 01.06.2015<\/li>\n<li><strong>Program Koordinat\u00f6r\u00fc<\/strong>, \u0130STANBUL \u00dcN\u0130VERS\u0130TES\u0130 AUZEF, Havac\u0131l\u0131kta Yer Hizmetleri Y\u00f6netimi, \u00d6n Lisans, 01.06.2014 &#8211; 01.06.2015<\/li>\n<li><strong>Y\u00f6netim Kurulu \u00dcyesi<\/strong>, \u0130STANBUL \u00dcN\u0130VERS\u0130TES\u0130 Ula\u015ft\u0131rma ve Lojistik Y\u00fcksekokulu, , 15.11.2013 &#8211; 05.06.2015<\/li>\n<li><strong>Y\u00f6netim Kurulu \u00dcyesi<\/strong>, \u0130STANBUL \u00dcN\u0130VERS\u0130TES\u0130 A\u00e7\u0131k ve Uzaktan E\u011fitim Fak\u00fcltesi, , 01.09.2013 &#8211; 15.06.2014<\/li>\n<li><strong>B\u00f6lge Koordinat\u00f6r\u00fc<\/strong>, \u00d6SYM \u0130stanbul 5. B\u00f6lge, , 10.07.2017 &#8211; Devam Ediyor<\/li>\n<li><strong>Program Koordinat\u00f6r\u00fc<\/strong>, \u0130STANBUL \u00dcN\u0130VERS\u0130TES\u0130 AUZEF, \u0130\u015fletme, Lisans, 01.08.2016 &#8211; Devam Ediyor<\/li>\n<li><strong>Y\u00f6netim Kurulu \u00dcyesi<\/strong>, \u0130STANBUL \u00dcN\u0130VERS\u0130TES\u0130 \u0130\u015eLETME FAK\u00dcLTES\u0130, , 22.05.2011 &#8211; 05.01.2014<\/li>\n<li><strong>Dan\u0131\u015fma Kurulu \u00dcyeli\u011fi<\/strong>, \u0130STANBUL \u00dcN\u0130VERS\u0130TES\u0130 Teknokent, , 03.02.2011 &#8211; 03.02.2014<\/li>\n<li><strong>Dekan Yard\u0131mc\u0131s\u0131<\/strong>, \u0130STANBUL \u00dcN\u0130VERS\u0130TES\u0130 \u0130\u015eLETME FAK\u00dcLTES\u0130, , 23.11.2010 &#8211; 06.12.2014<\/li>\n<li><strong>Fak\u00fclte Kurulu \u00dcyeli\u011fi<\/strong>, \u0130STANBUL \u00dcN\u0130VERS\u0130TES\u0130 \u0130\u015eLETME FAK\u00dcLTES\u0130, , 23.11.2010 &#8211; 23.07.2014<\/li>\n<li><strong>Fak\u00fclte Kurulu \u00dcyeli\u011fi<\/strong>, \u0130STANBUL \u00dcN\u0130VERS\u0130TES\u0130 SA\u011eLIK B\u0130L\u0130MLER\u0130 FAK\u00dcLTES\u0130, , 15.02.2010 &#8211; 11.02.2013<\/li>\n<li><strong>Burs Komisyonu Ba\u015fkan\u0131<\/strong>, \u0130STANBUL \u00dcN\u0130VERS\u0130TES\u0130 \u0130\u015eLETME FAK\u00dcLTES\u0130, , 16.06.2009 &#8211; 01.06.2015<\/li>\n<\/ul>\n","protected":false},"excerpt":{"rendered":"<p>Anabilim\/Bilim Dal\u0131 Ba\u015fkan\u0131, \u0130STANBUL \u00dcN\u0130VERS\u0130TES\u0130 Fen Bilimleri Enstit\u00fcs\u00fc, Ak\u0131ll\u0131 Ula\u015f\u0131m Sistemleri Anabilim Dal\u0131, 14.02.2018 &#8211; Devam Ediyor Dekan, \u0130STANBUL \u00dcN\u0130VERS\u0130TES\u0130 Ula\u015ft\u0131rma ve Lojistik Fak\u00fcltesi, , 13.10.2015 &#8211; Devam Ediyor Anabilim\/Bilim Dal\u0131 Ba\u015fkan\u0131, \u0130STANBUL \u00dcN\u0130VERS\u0130TES\u0130 Ula\u015ft\u0131rma ve Lojistik Fak\u00fcltesi, Ula\u015ft\u0131rma ve &hellip; <a href=\"https:\/\/www.abdullahokumus.com\/?page_id=184\">Okumaya devam et <span class=\"meta-nav\">&rarr;<\/span><\/a><\/p>\n","protected":false},"author":2,"featured_media":0,"parent":0,"menu_order":6,"comment_status":"closed","ping_status":"closed","template":"","meta":{"jetpack_post_was_ever_published":false,"footnotes":""},"class_list":["post-184","page","type-page","status-publish","hentry"],"yoast_head":"<!-- This site is optimized with the Yoast SEO plugin v27.2 - https:\/\/yoast.com\/product\/yoast-seo-wordpress\/ -->\n<title>\u0130dari G\u00f6revlerim - Prof. Dr. Abdullah OKUMU\u015e<\/title>\n<meta name=\"robots\" content=\"index, follow, max-snippet:-1, max-image-preview:large, max-video-preview:-1\" \/>\n<link rel=\"canonical\" href=\"https:\/\/www.abdullahokumus.com\/?page_id=184\" \/>\n<meta property=\"og:locale\" content=\"tr_TR\" \/>\n<meta property=\"og:type\" content=\"article\" \/>\n<meta property=\"og:title\" content=\"\u0130dari G\u00f6revlerim - Prof. Dr. Abdullah OKUMU\u015e\" \/>\n<meta property=\"og:description\" content=\"Anabilim\/Bilim Dal\u0131 Ba\u015fkan\u0131, \u0130STANBUL \u00dcN\u0130VERS\u0130TES\u0130 Fen Bilimleri Enstit\u00fcs\u00fc, Ak\u0131ll\u0131 Ula\u015f\u0131m Sistemleri Anabilim Dal\u0131, 14.02.2018 &#8211; Devam Ediyor Dekan, \u0130STANBUL \u00dcN\u0130VERS\u0130TES\u0130 Ula\u015ft\u0131rma ve Lojistik Fak\u00fcltesi, , 13.10.2015 &#8211; Devam Ediyor Anabilim\/Bilim Dal\u0131 Ba\u015fkan\u0131, \u0130STANBUL \u00dcN\u0130VERS\u0130TES\u0130 Ula\u015ft\u0131rma ve Lojistik Fak\u00fcltesi, Ula\u015ft\u0131rma ve &hellip; Okumaya devam et &rarr;\" \/>\n<meta property=\"og:url\" content=\"https:\/\/www.abdullahokumus.com\/?page_id=184\" \/>\n<meta property=\"og:site_name\" content=\"Prof. Dr. Abdullah OKUMU\u015e\" \/>\n<meta property=\"article:modified_time\" content=\"2019-11-30T19:35:22+00:00\" \/>\n<meta name=\"twitter:card\" content=\"summary_large_image\" \/>\n<meta name=\"twitter:label1\" content=\"Tahmini okuma s\u00fcresi\" \/>\n\t<meta name=\"twitter:data1\" content=\"2 dakika\" \/>\n<script type=\"application\/ld+json\" class=\"yoast-schema-graph\">{\"@context\":\"https:\/\/schema.org\",\"@graph\":[{\"@type\":\"WebPage\",\"@id\":\"https:\/\/www.abdullahokumus.com\/?page_id=184\",\"url\":\"https:\/\/www.abdullahokumus.com\/?page_id=184\",\"name\":\"\u0130dari G\u00f6revlerim - Prof. Dr. Abdullah OKUMU\u015e\",\"isPartOf\":{\"@id\":\"https:\/\/www.abdullahokumus.com\/#website\"},\"datePublished\":\"2011-04-28T00:45:30+00:00\",\"dateModified\":\"2019-11-30T19:35:22+00:00\",\"breadcrumb\":{\"@id\":\"https:\/\/www.abdullahokumus.com\/?page_id=184#breadcrumb\"},\"inLanguage\":\"tr\",\"potentialAction\":[{\"@type\":\"ReadAction\",\"target\":[\"https:\/\/www.abdullahokumus.com\/?page_id=184\"]}]},{\"@type\":\"BreadcrumbList\",\"@id\":\"https:\/\/www.abdullahokumus.com\/?page_id=184#breadcrumb\",\"itemListElement\":[{\"@type\":\"ListItem\",\"position\":1,\"name\":\"Ana sayfa\",\"item\":\"https:\/\/www.abdullahokumus.com\/\"},{\"@type\":\"ListItem\",\"position\":2,\"name\":\"\u0130dari G\u00f6revlerim\"}]},{\"@type\":\"WebSite\",\"@id\":\"https:\/\/www.abdullahokumus.com\/#website\",\"url\":\"https:\/\/www.abdullahokumus.com\/\",\"name\":\"Prof. Dr. Abdullah OKUMU\u015e\",\"description\":\"Dekan, \u0130stanbul \u00dcniversitesi, Ula\u015ft\u0131rma ve Lojistik Fak\u00fcltesi \/ \u0130stanbul \u00dcniversitesi, \u0130\u015fletme Fak\u00fcltesi, Pazarlama Anabilim Dal\u0131 \u00d6\u011fretim \u00dcyesi\",\"potentialAction\":[{\"@type\":\"SearchAction\",\"target\":{\"@type\":\"EntryPoint\",\"urlTemplate\":\"https:\/\/www.abdullahokumus.com\/?s={search_term_string}\"},\"query-input\":{\"@type\":\"PropertyValueSpecification\",\"valueRequired\":true,\"valueName\":\"search_term_string\"}}],\"inLanguage\":\"tr\"}]}<\/script>\n<!-- \/ Yoast SEO plugin. -->","yoast_head_json":{"title":"\u0130dari G\u00f6revlerim - Prof. Dr. Abdullah OKUMU\u015e","robots":{"index":"index","follow":"follow","max-snippet":"max-snippet:-1","max-image-preview":"max-image-preview:large","max-video-preview":"max-video-preview:-1"},"canonical":"https:\/\/www.abdullahokumus.com\/?page_id=184","og_locale":"tr_TR","og_type":"article","og_title":"\u0130dari G\u00f6revlerim - Prof. Dr. Abdullah OKUMU\u015e","og_description":"Anabilim\/Bilim Dal\u0131 Ba\u015fkan\u0131, \u0130STANBUL \u00dcN\u0130VERS\u0130TES\u0130 Fen Bilimleri Enstit\u00fcs\u00fc, Ak\u0131ll\u0131 Ula\u015f\u0131m Sistemleri Anabilim Dal\u0131, 14.02.2018 &#8211; Devam Ediyor Dekan, \u0130STANBUL \u00dcN\u0130VERS\u0130TES\u0130 Ula\u015ft\u0131rma ve Lojistik Fak\u00fcltesi, , 13.10.2015 &#8211; Devam Ediyor Anabilim\/Bilim Dal\u0131 Ba\u015fkan\u0131, \u0130STANBUL \u00dcN\u0130VERS\u0130TES\u0130 Ula\u015ft\u0131rma ve Lojistik Fak\u00fcltesi, Ula\u015ft\u0131rma ve &hellip; Okumaya devam et &rarr;","og_url":"https:\/\/www.abdullahokumus.com\/?page_id=184","og_site_name":"Prof. Dr. Abdullah OKUMU\u015e","article_modified_time":"2019-11-30T19:35:22+00:00","twitter_card":"summary_large_image","twitter_misc":{"Tahmini okuma s\u00fcresi":"2 dakika"},"schema":{"@context":"https:\/\/schema.org","@graph":[{"@type":"WebPage","@id":"https:\/\/www.abdullahokumus.com\/?page_id=184","url":"https:\/\/www.abdullahokumus.com\/?page_id=184","name":"\u0130dari G\u00f6revlerim - Prof. Dr. Abdullah OKUMU\u015e","isPartOf":{"@id":"https:\/\/www.abdullahokumus.com\/#website"},"datePublished":"2011-04-28T00:45:30+00:00","dateModified":"2019-11-30T19:35:22+00:00","breadcrumb":{"@id":"https:\/\/www.abdullahokumus.com\/?page_id=184#breadcrumb"},"inLanguage":"tr","potentialAction":[{"@type":"ReadAction","target":["https:\/\/www.abdullahokumus.com\/?page_id=184"]}]},{"@type":"BreadcrumbList","@id":"https:\/\/www.abdullahokumus.com\/?page_id=184#breadcrumb","itemListElement":[{"@type":"ListItem","position":1,"name":"Ana sayfa","item":"https:\/\/www.abdullahokumus.com\/"},{"@type":"ListItem","position":2,"name":"\u0130dari G\u00f6revlerim"}]},{"@type":"WebSite","@id":"https:\/\/www.abdullahokumus.com\/#website","url":"https:\/\/www.abdullahokumus.com\/","name":"Prof. Dr. Abdullah OKUMU\u015e","description":"Dekan, \u0130stanbul \u00dcniversitesi, Ula\u015ft\u0131rma ve Lojistik Fak\u00fcltesi \/ \u0130stanbul \u00dcniversitesi, \u0130\u015fletme Fak\u00fcltesi, Pazarlama Anabilim Dal\u0131 \u00d6\u011fretim \u00dcyesi","potentialAction":[{"@type":"SearchAction","target":{"@type":"EntryPoint","urlTemplate":"https:\/\/www.abdullahokumus.com\/?s={search_term_string}"},"query-input":{"@type":"PropertyValueSpecification","valueRequired":true,"valueName":"search_term_string"}}],"inLanguage":"tr"}]}},"jetpack_sharing_enabled":true,"jetpack_shortlink":"https:\/\/wp.me\/Py4vK-2Y","_links":{"self":[{"href":"https:\/\/www.abdullahokumus.com\/index.php?rest_route=\/wp\/v2\/pages\/184","targetHints":{"allow":["GET"]}}],"collection":[{"href":"https:\/\/www.abdullahokumus.com\/index.php?rest_route=\/wp\/v2\/pages"}],"about":[{"href":"https:\/\/www.abdullahokumus.com\/index.php?rest_route=\/wp\/v2\/types\/page"}],"author":[{"embeddable":true,"href":"https:\/\/www.abdullahokumus.com\/index.php?rest_route=\/wp\/v2\/users\/2"}],"replies":[{"embeddable":true,"href":"https:\/\/www.abdullahokumus.com\/index.php?rest_route=%2Fwp%2Fv2%2Fcomments&post=184"}],"version-history":[{"count":0,"href":"https:\/\/www.abdullahokumus.com\/index.php?rest_route=\/wp\/v2\/pages\/184\/revisions"}],"wp:attachment":[{"href":"https:\/\/www.abdullahokumus.com\/index.php?rest_route=%2Fwp%2Fv2%2Fmedia&parent=184"}],"curies":[{"name":"wp","href":"https:\/\/api.w.org\/{rel}","templated":true}]}}