{"id":2,"date":"2009-03-29T21:52:04","date_gmt":"2009-03-30T03:52:04","guid":{"rendered":"http:\/\/www.abdullahokumus.com\/?page_id=2"},"modified":"2022-08-26T16:31:27","modified_gmt":"2022-08-26T13:31:27","slug":"abdullah-okumus","status":"publish","type":"page","link":"https:\/\/www.abdullahokumus.com\/","title":{"rendered":"\u00d6zge\u00e7mi\u015fim"},"content":{"rendered":"<p><strong><span style=\"color: #265e15;\">PROF. DR. ABDULLAH OKUMU\u015e<\/span><\/strong><\/p>\n<p>Prof. Dr. Abdullah Okumu\u015f, 1973 y\u0131l\u0131nda \u0130stanbul\u2019da do\u011fdu. 1994 y\u0131l\u0131nda \u0130stanbul \u00dcniversitesi \u0130\u015fletme Fak\u00fcltesi\u2019nden mezun oldu. Ayn\u0131 y\u0131l, \u0130stanbul Teknik \u00dcniversitesi, \u0130\u015fletme Fak\u00fcltesi, \u0130\u015fletme Bilim Dal\u0131\u2019nda Y\u00fcksek Lisans program\u0131na ba\u015flad\u0131. 1995 y\u0131l\u0131nda \u0130stanbul \u00dcniversitesi, \u0130\u015fletme Fak\u00fcltesi, Pazarlama Anabilim Dal\u0131\u2019nda Ara\u015ft\u0131rma G\u00f6revlisi olarak \u00e7al\u0131\u015fmaya ba\u015flayan Okumu\u015f, ayn\u0131 fak\u00fclte b\u00fcnyesinde y\u00fcksek lisans ve doktora tezini haz\u0131rlad\u0131. Bir y\u0131l s\u00fcre ile Kanada\u2019n\u0131n Brock \u00dcniversitesi\u2019nde doktora tez konusu ile ilgili \u00e7al\u0131\u015fmalarda bulundu. Ocak 2009\u2019da Do\u00e7ent, Haziran 2014\u2019te Profes\u00f6r oldu.<\/p>\n<p>Okumu\u015f, Lisans, Y\u00fcksek Lisans ve Doktora d\u00fczeylerinde Pazarlama \u0130lkeleri, Pazarlama Y\u00f6netimi, T\u00fcketici Davran\u0131\u015f\u0131, Ara\u015ft\u0131rma Y\u00f6ntemleri, Bilimsel Ara\u015ft\u0131rma Teknikleri, Pazarlama Ara\u015ft\u0131rmalar\u0131, Profesyonel Sat\u0131\u015f Y\u00f6netimi, Davran\u0131\u015fsal Pazarlama, K\u00fcresel Pazarlama, Sat\u0131\u015f Y\u00f6netimi ve Ki\u015fisel Sat\u0131\u015f, M\u00fc\u015fteri \u0130li\u015fkileri Y\u00f6netimi konular\u0131nda dersler vermektedir. Kitap, kitap b\u00f6l\u00fcm yazarl\u0131klar\u0131 bulunan, \u00e7ok say\u0131da uluslararas\u0131, ulusal makaleler ve bildiriler yay\u0131nlayan ve \u00e7e\u015fitli dergilerde edit\u00f6rl\u00fck ve yard\u0131mc\u0131 edit\u00f6rl\u00fck g\u00f6revlerini yerine getiren Okumu\u015f, bir\u00e7ok ulusal ve uluslararas\u0131 derginin hakem kurullar\u0131nda da yer almaktad\u0131r.<\/p>\n<p>Okumu\u015f, 2010-2014 y\u0131llar\u0131 aras\u0131nda \u0130stanbul \u00dcniversitesi \u0130\u015fletme Fak\u00fcltesi\u2019nde Dekan Yard\u0131mc\u0131s\u0131 olarak g\u00f6rev yapm\u0131\u015f, \u0130stanbul \u00dcniversitesi ve \u0130\u015fletme Fak\u00fcltesi b\u00fcnyesinde \u00e7e\u015fitli komisyonlarda yer alm\u0131\u015f, \u0130stanbul \u00dcniversitesi A\u00e7\u0131k ve Uzaktan E\u011fitim Fak\u00fcltesi\u2019nde \u0130\u015fletme, Sivil Hava Ula\u015ft\u0131rma \u0130\u015fletmecili\u011fi, Perakendecilik ve Ma\u011faza Y\u00f6netimi lisans ve \u00f6n lisans programlar\u0131nda de\u011fi\u015fik d\u00f6nemlerde Program Ba\u015fkanl\u0131\u011f\u0131 g\u00f6revlerini y\u00fcr\u00fctm\u00fc\u015ft\u00fcr. Ayr\u0131ca, \u0130stanbul \u00dcniversitesi \u0130\u015fletme Fak\u00fcltesi Fak\u00fclte Kurulu ve Fak\u00fclte Y\u00f6netim Kurulu \u00dcyeli\u011fi, KOSGEB Proje De\u011ferleme Kurulu \u00dcyeli\u011fi, \u0130stanbul \u00dcniversitesi S\u00fcrekli E\u011fitim Merkezi ve \u0130stanbul \u00dcniversitesi Teknokent\u2019te Dan\u0131\u015fma Kurulu \u00fcyeliklerinde bulunmu\u015ftur.<\/p>\n<p>Okumu\u015f, 2015 y\u0131l\u0131ndan itibaren Ula\u015ft\u0131rma ve Lojistik Fak\u00fcltesi\u2019nde Dekan olarak g\u00f6rev yapmaktad\u0131r. Ayr\u0131ca, \u0130stanbul \u00dcniversitesi Teknoloji Transfer Merkezi M\u00fcd\u00fcr Yard\u0131mc\u0131l\u0131\u011f\u0131, \u0130stanbul \u00dcniversitesi Fen Bilimleri Enstit\u00fcs\u00fc Ak\u0131ll\u0131 Ula\u015f\u0131m Sistemleri Anabilim Dal\u0131 Ba\u015fkanl\u0131\u011f\u0131, \u0130stanbul \u00dcniversitesi A\u00e7\u0131k ve Uzaktan E\u011fitim Fak\u00fcltesi \u0130\u015fletme Program Ba\u015fkanl\u0131\u011f\u0131, \u00d6SYM B\u00f6lge Koordinat\u00f6rl\u00fc\u011f\u00fc ve \u00e7e\u015fitli Komisyon \u00dcyelikleri g\u00f6revlerini y\u00fcr\u00fctmektedir. Okumu\u015f, bu g\u00f6revlerinin yan\u0131nda \u00e7e\u015fitli kamu ve \u00f6zel sekt\u00f6r i\u015fletmelerinde pazar ara\u015ft\u0131rmalar\u0131, kamuoyu ara\u015ft\u0131rmalar\u0131, sosyal doku ara\u015ft\u0131rmalar\u0131, marka y\u00f6netimi, stratejik pazarlama plan\u0131, pazarlama ve sat\u0131\u015f konular\u0131nda e\u011fitim vermekte ve dan\u0131\u015fmanl\u0131k yapmaktad\u0131r.<\/p>\n<p>Okumu\u015f evli, bir erkek ve bir k\u0131z \u00e7ocuk babas\u0131d\u0131r. \u0130ngilizce ve Arnavut\u00e7a bilmektedir.<\/p>\n","protected":false},"excerpt":{"rendered":"<p>PROF. DR. ABDULLAH OKUMU\u015e Prof. Dr. Abdullah Okumu\u015f, 1973 y\u0131l\u0131nda \u0130stanbul\u2019da do\u011fdu. 1994 y\u0131l\u0131nda \u0130stanbul \u00dcniversitesi \u0130\u015fletme Fak\u00fcltesi\u2019nden mezun oldu. Ayn\u0131 y\u0131l, \u0130stanbul Teknik \u00dcniversitesi, \u0130\u015fletme Fak\u00fcltesi, \u0130\u015fletme Bilim Dal\u0131\u2019nda Y\u00fcksek Lisans program\u0131na ba\u015flad\u0131. 1995 y\u0131l\u0131nda \u0130stanbul \u00dcniversitesi, \u0130\u015fletme Fak\u00fcltesi, &hellip; <a href=\"https:\/\/www.abdullahokumus.com\/\">Okumaya devam et <span class=\"meta-nav\">&rarr;<\/span><\/a><\/p>\n","protected":false},"author":2,"featured_media":383,"parent":0,"menu_order":10,"comment_status":"closed","ping_status":"open","template":"","meta":{"jetpack_post_was_ever_published":false,"footnotes":""},"class_list":["post-2","page","type-page","status-publish","has-post-thumbnail","hentry"],"yoast_head":"<!-- This site is optimized with the Yoast SEO plugin v27.2 - https:\/\/yoast.com\/product\/yoast-seo-wordpress\/ -->\n<title>\u00d6zge\u00e7mi\u015fim - Prof. Dr. Abdullah OKUMU\u015e<\/title>\n<meta name=\"robots\" content=\"index, follow, max-snippet:-1, max-image-preview:large, max-video-preview:-1\" \/>\n<link rel=\"canonical\" href=\"https:\/\/www.abdullahokumus.com\/\" \/>\n<meta property=\"og:locale\" content=\"tr_TR\" \/>\n<meta property=\"og:type\" content=\"article\" \/>\n<meta property=\"og:title\" content=\"\u00d6zge\u00e7mi\u015fim - Prof. Dr. Abdullah OKUMU\u015e\" \/>\n<meta property=\"og:description\" content=\"PROF. DR. ABDULLAH OKUMU\u015e Prof. Dr. Abdullah Okumu\u015f, 1973 y\u0131l\u0131nda \u0130stanbul\u2019da do\u011fdu. 1994 y\u0131l\u0131nda \u0130stanbul \u00dcniversitesi \u0130\u015fletme Fak\u00fcltesi\u2019nden mezun oldu. Ayn\u0131 y\u0131l, \u0130stanbul Teknik \u00dcniversitesi, \u0130\u015fletme Fak\u00fcltesi, \u0130\u015fletme Bilim Dal\u0131\u2019nda Y\u00fcksek Lisans program\u0131na ba\u015flad\u0131. 1995 y\u0131l\u0131nda \u0130stanbul \u00dcniversitesi, \u0130\u015fletme Fak\u00fcltesi, &hellip; Okumaya devam et &rarr;\" \/>\n<meta property=\"og:url\" content=\"https:\/\/www.abdullahokumus.com\/\" \/>\n<meta property=\"og:site_name\" content=\"Prof. Dr. Abdullah OKUMU\u015e\" \/>\n<meta property=\"article:modified_time\" content=\"2022-08-26T13:31:27+00:00\" \/>\n<meta property=\"og:image\" content=\"https:\/\/www.abdullahokumus.com\/wp-content\/uploads\/2019\/09\/279ED1F2-127D-499A-AE4A-211FB678D6FB.jpeg\" \/>\n\t<meta property=\"og:image:width\" content=\"416\" \/>\n\t<meta property=\"og:image:height\" content=\"416\" \/>\n\t<meta property=\"og:image:type\" content=\"image\/jpeg\" \/>\n<meta name=\"twitter:card\" content=\"summary_large_image\" \/>\n<meta name=\"twitter:label1\" content=\"Tahmini okuma s\u00fcresi\" \/>\n\t<meta name=\"twitter:data1\" content=\"2 dakika\" \/>\n<script type=\"application\/ld+json\" class=\"yoast-schema-graph\">{\"@context\":\"https:\/\/schema.org\",\"@graph\":[{\"@type\":\"WebPage\",\"@id\":\"https:\/\/www.abdullahokumus.com\/\",\"url\":\"https:\/\/www.abdullahokumus.com\/\",\"name\":\"\u00d6zge\u00e7mi\u015fim - Prof. Dr. Abdullah OKUMU\u015e\",\"isPartOf\":{\"@id\":\"https:\/\/www.abdullahokumus.com\/#website\"},\"primaryImageOfPage\":{\"@id\":\"https:\/\/www.abdullahokumus.com\/#primaryimage\"},\"image\":{\"@id\":\"https:\/\/www.abdullahokumus.com\/#primaryimage\"},\"thumbnailUrl\":\"https:\/\/www.abdullahokumus.com\/wp-content\/uploads\/2019\/09\/279ED1F2-127D-499A-AE4A-211FB678D6FB.jpeg\",\"datePublished\":\"2009-03-30T03:52:04+00:00\",\"dateModified\":\"2022-08-26T13:31:27+00:00\",\"breadcrumb\":{\"@id\":\"https:\/\/www.abdullahokumus.com\/#breadcrumb\"},\"inLanguage\":\"tr\",\"potentialAction\":[{\"@type\":\"ReadAction\",\"target\":[\"https:\/\/www.abdullahokumus.com\/\"]}]},{\"@type\":\"ImageObject\",\"inLanguage\":\"tr\",\"@id\":\"https:\/\/www.abdullahokumus.com\/#primaryimage\",\"url\":\"https:\/\/www.abdullahokumus.com\/wp-content\/uploads\/2019\/09\/279ED1F2-127D-499A-AE4A-211FB678D6FB.jpeg\",\"contentUrl\":\"https:\/\/www.abdullahokumus.com\/wp-content\/uploads\/2019\/09\/279ED1F2-127D-499A-AE4A-211FB678D6FB.jpeg\",\"width\":416,\"height\":416,\"caption\":\"Prof. Dr. Abdullah OKUMU\u015e\"},{\"@type\":\"BreadcrumbList\",\"@id\":\"https:\/\/www.abdullahokumus.com\/#breadcrumb\",\"itemListElement\":[{\"@type\":\"ListItem\",\"position\":1,\"name\":\"Ana sayfa\",\"item\":\"https:\/\/www.abdullahokumus.com\/\"},{\"@type\":\"ListItem\",\"position\":2,\"name\":\"\u00d6zge\u00e7mi\u015fim\"}]},{\"@type\":\"WebSite\",\"@id\":\"https:\/\/www.abdullahokumus.com\/#website\",\"url\":\"https:\/\/www.abdullahokumus.com\/\",\"name\":\"Prof. Dr. Abdullah OKUMU\u015e\",\"description\":\"Dekan, \u0130stanbul \u00dcniversitesi, Ula\u015ft\u0131rma ve Lojistik Fak\u00fcltesi \/ \u0130stanbul \u00dcniversitesi, \u0130\u015fletme Fak\u00fcltesi, Pazarlama Anabilim Dal\u0131 \u00d6\u011fretim \u00dcyesi\",\"potentialAction\":[{\"@type\":\"SearchAction\",\"target\":{\"@type\":\"EntryPoint\",\"urlTemplate\":\"https:\/\/www.abdullahokumus.com\/?s={search_term_string}\"},\"query-input\":{\"@type\":\"PropertyValueSpecification\",\"valueRequired\":true,\"valueName\":\"search_term_string\"}}],\"inLanguage\":\"tr\"}]}<\/script>\n<!-- \/ Yoast SEO plugin. -->","yoast_head_json":{"title":"\u00d6zge\u00e7mi\u015fim - Prof. Dr. Abdullah OKUMU\u015e","robots":{"index":"index","follow":"follow","max-snippet":"max-snippet:-1","max-image-preview":"max-image-preview:large","max-video-preview":"max-video-preview:-1"},"canonical":"https:\/\/www.abdullahokumus.com\/","og_locale":"tr_TR","og_type":"article","og_title":"\u00d6zge\u00e7mi\u015fim - Prof. Dr. Abdullah OKUMU\u015e","og_description":"PROF. DR. ABDULLAH OKUMU\u015e Prof. Dr. Abdullah Okumu\u015f, 1973 y\u0131l\u0131nda \u0130stanbul\u2019da do\u011fdu. 1994 y\u0131l\u0131nda \u0130stanbul \u00dcniversitesi \u0130\u015fletme Fak\u00fcltesi\u2019nden mezun oldu. Ayn\u0131 y\u0131l, \u0130stanbul Teknik \u00dcniversitesi, \u0130\u015fletme Fak\u00fcltesi, \u0130\u015fletme Bilim Dal\u0131\u2019nda Y\u00fcksek Lisans program\u0131na ba\u015flad\u0131. 1995 y\u0131l\u0131nda \u0130stanbul \u00dcniversitesi, \u0130\u015fletme Fak\u00fcltesi, &hellip; Okumaya devam et &rarr;","og_url":"https:\/\/www.abdullahokumus.com\/","og_site_name":"Prof. Dr. Abdullah OKUMU\u015e","article_modified_time":"2022-08-26T13:31:27+00:00","og_image":[{"width":416,"height":416,"url":"https:\/\/www.abdullahokumus.com\/wp-content\/uploads\/2019\/09\/279ED1F2-127D-499A-AE4A-211FB678D6FB.jpeg","type":"image\/jpeg"}],"twitter_card":"summary_large_image","twitter_misc":{"Tahmini okuma s\u00fcresi":"2 dakika"},"schema":{"@context":"https:\/\/schema.org","@graph":[{"@type":"WebPage","@id":"https:\/\/www.abdullahokumus.com\/","url":"https:\/\/www.abdullahokumus.com\/","name":"\u00d6zge\u00e7mi\u015fim - Prof. Dr. Abdullah OKUMU\u015e","isPartOf":{"@id":"https:\/\/www.abdullahokumus.com\/#website"},"primaryImageOfPage":{"@id":"https:\/\/www.abdullahokumus.com\/#primaryimage"},"image":{"@id":"https:\/\/www.abdullahokumus.com\/#primaryimage"},"thumbnailUrl":"https:\/\/www.abdullahokumus.com\/wp-content\/uploads\/2019\/09\/279ED1F2-127D-499A-AE4A-211FB678D6FB.jpeg","datePublished":"2009-03-30T03:52:04+00:00","dateModified":"2022-08-26T13:31:27+00:00","breadcrumb":{"@id":"https:\/\/www.abdullahokumus.com\/#breadcrumb"},"inLanguage":"tr","potentialAction":[{"@type":"ReadAction","target":["https:\/\/www.abdullahokumus.com\/"]}]},{"@type":"ImageObject","inLanguage":"tr","@id":"https:\/\/www.abdullahokumus.com\/#primaryimage","url":"https:\/\/www.abdullahokumus.com\/wp-content\/uploads\/2019\/09\/279ED1F2-127D-499A-AE4A-211FB678D6FB.jpeg","contentUrl":"https:\/\/www.abdullahokumus.com\/wp-content\/uploads\/2019\/09\/279ED1F2-127D-499A-AE4A-211FB678D6FB.jpeg","width":416,"height":416,"caption":"Prof. Dr. Abdullah OKUMU\u015e"},{"@type":"BreadcrumbList","@id":"https:\/\/www.abdullahokumus.com\/#breadcrumb","itemListElement":[{"@type":"ListItem","position":1,"name":"Ana sayfa","item":"https:\/\/www.abdullahokumus.com\/"},{"@type":"ListItem","position":2,"name":"\u00d6zge\u00e7mi\u015fim"}]},{"@type":"WebSite","@id":"https:\/\/www.abdullahokumus.com\/#website","url":"https:\/\/www.abdullahokumus.com\/","name":"Prof. Dr. Abdullah OKUMU\u015e","description":"Dekan, \u0130stanbul \u00dcniversitesi, Ula\u015ft\u0131rma ve Lojistik Fak\u00fcltesi \/ \u0130stanbul \u00dcniversitesi, \u0130\u015fletme Fak\u00fcltesi, Pazarlama Anabilim Dal\u0131 \u00d6\u011fretim \u00dcyesi","potentialAction":[{"@type":"SearchAction","target":{"@type":"EntryPoint","urlTemplate":"https:\/\/www.abdullahokumus.com\/?s={search_term_string}"},"query-input":{"@type":"PropertyValueSpecification","valueRequired":true,"valueName":"search_term_string"}}],"inLanguage":"tr"}]}},"jetpack_sharing_enabled":true,"jetpack_shortlink":"https:\/\/wp.me\/Py4vK-2","_links":{"self":[{"href":"https:\/\/www.abdullahokumus.com\/index.php?rest_route=\/wp\/v2\/pages\/2","targetHints":{"allow":["GET"]}}],"collection":[{"href":"https:\/\/www.abdullahokumus.com\/index.php?rest_route=\/wp\/v2\/pages"}],"about":[{"href":"https:\/\/www.abdullahokumus.com\/index.php?rest_route=\/wp\/v2\/types\/page"}],"author":[{"embeddable":true,"href":"https:\/\/www.abdullahokumus.com\/index.php?rest_route=\/wp\/v2\/users\/2"}],"replies":[{"embeddable":true,"href":"https:\/\/www.abdullahokumus.com\/index.php?rest_route=%2Fwp%2Fv2%2Fcomments&post=2"}],"version-history":[{"count":0,"href":"https:\/\/www.abdullahokumus.com\/index.php?rest_route=\/wp\/v2\/pages\/2\/revisions"}],"wp:featuredmedia":[{"embeddable":true,"href":"https:\/\/www.abdullahokumus.com\/index.php?rest_route=\/wp\/v2\/media\/383"}],"wp:attachment":[{"href":"https:\/\/www.abdullahokumus.com\/index.php?rest_route=%2Fwp%2Fv2%2Fmedia&parent=2"}],"curies":[{"name":"wp","href":"https:\/\/api.w.org\/{rel}","templated":true}]}}