{"id":345,"date":"2017-02-27T10:52:09","date_gmt":"2017-02-27T10:52:09","guid":{"rendered":"http:\/\/www.abdullahokumus.com\/?page_id=345"},"modified":"2018-04-09T12:41:53","modified_gmt":"2018-04-09T12:41:53","slug":"bilimsel-faaliyetler","status":"publish","type":"page","link":"https:\/\/www.abdullahokumus.com\/?page_id=345","title":{"rendered":"Bilimsel Faaliyetler"},"content":{"rendered":"<p><strong>B\u0130L\u0130MSEL DERG\u0130LERDEK\u0130 G\u00d6REVLER\u00a0 \u00a0<\/strong><\/p>\n<ul>\n<li>Journal of Transportation and Logistics, <strong>Edit\u00f6r<\/strong>, 03.04.2016 &#8211; Devam Ediyor<\/li>\n<li>\u0130stanbul \u00dcniversitesi A\u00e7\u0131k ve Uzaktan E\u011fitim Dergisi, <strong>Edit\u00f6r<\/strong>, 01.01.2015 &#8211; 01.08.2015<\/li>\n<li>\u0130stanbul \u00dcniversitesi \u0130\u015fletme Fak\u00fcltesi Dergisi, <strong>Yard\u0131mc\u0131 Edit\u00f6r<\/strong>, 25.03.2009 &#8211; 01.01.2015<\/li>\n<\/ul>\n<p><strong>KATILDI\u011eI B\u0130L\u0130MSEL KONGRE \/ SEMPOZYUM ve B\u0130L\u0130MSEL TOPLANTILAR<\/strong><\/p>\n<ul>\n<li>\n<div class=\"AkademikBilgiSatir\">8. Ulusal Pazarlama Kongresi, Kayseri, Ekim 2003<\/div>\n<div class=\"AkademikBilgiSatir\"><\/div>\n<\/li>\n<li>\n<div class=\"AkademikBilgiSatir\">5. Ulusal Pazarlama Kongresi, Antalya, Kas\u0131m 2000<\/div>\n<div class=\"AkademikBilgiSatir\"><\/div>\n<\/li>\n<li>\n<div class=\"AkademikBilgiSatir\">1. Ulusal Pazarlama Kongresi, \u0130stanbul, Ekim 1995<\/div>\n<\/li>\n<\/ul>\n<p><strong>B\u0130L\u0130MSEL HAKEML\u0130KLER<\/strong><\/p>\n<ul>\n<li>\n<div class=\"AkademikBilgiSatir\">Marketing Intelligence &amp; Planning, <strong>Dergide<\/strong> <strong>Hakemlik<\/strong>, \u015eubat 2013<\/div>\n<div class=\"AkademikBilgiSatir\"><\/div>\n<\/li>\n<li>\n<div class=\"AkademikBilgiSatir\">\u0130stanbul \u00dcniversitesi \u0130\u015fletme Fak\u00fcltesi Dergisi, <strong>Dergide<\/strong> <strong>Hakemlik<\/strong>, Ocak 2013<\/div>\n<div class=\"AkademikBilgiSatir\"><\/div>\n<\/li>\n<li>\n<div class=\"AkademikBilgiSatir\">Do\u011fu\u015f \u00dcniversitesi Dergisi, <strong>Dergide<\/strong> <strong>Hakemlik<\/strong>, Kas\u0131m 2012<\/div>\n<div class=\"AkademikBilgiSatir\"><\/div>\n<\/li>\n<li>\n<div class=\"AkademikBilgiSatir\">Gaziantep \u00dcniversitesi Sosyal Bilimler Dergisi, <strong>Dergide<\/strong> <strong>Hakemlik<\/strong>, Haziran 2012<\/div>\n<div class=\"AkademikBilgiSatir\"><\/div>\n<\/li>\n<li>\n<div class=\"AkademikBilgiSatir\">Eski\u015fehir Osmangazi \u00dcniversitesi \u0130ktisadi ve \u0130dari Bilimler Fak\u00fcltesi Dergisi, <strong>Dergide<\/strong> <strong>Hakemlik<\/strong>, May\u0131s 2012<\/div>\n<div class=\"AkademikBilgiSatir\"><\/div>\n<\/li>\n<li>\n<div class=\"AkademikBilgiSatir\">Atat\u00fcrk \u00dcniversitesi \u0130\u0130BF Dergisi, <strong>Dergide<\/strong> <strong>Hakemlik<\/strong>, \u015eubat 2012<\/div>\n<div class=\"AkademikBilgiSatir\"><\/div>\n<\/li>\n<li>\n<div class=\"AkademikBilgiSatir\">\u00c7ukurova \u00dcniversitesi Sosyal Bilimler Dergisi, <strong>Dergide<\/strong> <strong>Hakemlik<\/strong>, Aral\u0131k 2011<\/div>\n<div class=\"AkademikBilgiSatir\"><\/div>\n<\/li>\n<li>\n<div class=\"AkademikBilgiSatir\">Ege Akademik Bak\u0131\u015f Dergisi, <strong>Dergide<\/strong> <strong>Hakemlik<\/strong>, Temmuz 2011<\/div>\n<div class=\"AkademikBilgiSatir\"><\/div>\n<\/li>\n<li>\n<div class=\"AkademikBilgiSatir\">Business and Economics Research Journal (BERJ) , <strong>Dergide<\/strong> <strong>Hakemlik<\/strong>, Mart 2011<\/div>\n<div class=\"AkademikBilgiSatir\"><\/div>\n<\/li>\n<li>\n<div class=\"AkademikBilgiSatir\">Uluda\u011f \u00dcniversitesi \u0130\u0130BF dergisi, <strong>Dergide<\/strong> <strong>Hakemlik<\/strong>, Ekim 2010<\/div>\n<div class=\"AkademikBilgiSatir\"><\/div>\n<\/li>\n<li>\n<div class=\"AkademikBilgiSatir\">\u0130stanbul \u00dcniversitesi \u0130\u015fletme \u0130ktisad\u0131 Enstit\u00fcs\u00fc Y\u00f6netim Dergisi, <strong>Dergide Hakemlik<\/strong>, Haziran 2010<\/div>\n<div class=\"AkademikBilgiSatir\"><\/div>\n<\/li>\n<li>\n<div class=\"AkademikBilgiSatir\">Uluslararas\u0131 Y\u00f6netim \u0130ktisat ve \u0130\u015fletme Dergisi, <strong>Dergide<\/strong> <strong>Hakemlik<\/strong>, \u015eubat 2010<\/div>\n<div class=\"AkademikBilgiSatir\"><\/div>\n<\/li>\n<li>\n<div class=\"AkademikBilgiSatir\">Kara Harp Okulu Savunma Bilimleri Dergisi, <strong>Dergide<\/strong> <strong>Hakemlik<\/strong>, Nisan 2005<\/div>\n<\/li>\n<\/ul>\n<p><strong>ETK\u0130NL\u0130K ORGAN\u0130ZASYONU<\/strong><\/p>\n<ul>\n<li>\n<div class=\"AkademikBilgiSatir\">1st International Symposium on Graduate Research in Science, <strong>Bilim Kurulu \u00dcyesi<\/strong>, T\u00dcRKIYE, Ekim 2018<\/div>\n<div class=\"AkademikBilgiSatir\"><\/div>\n<\/li>\n<li>\n<div class=\"AkademikBilgiSatir\">7th International Conference on Business Administration, <strong>Bilim Kurulu \u00dcyesi<\/strong>, T\u00dcRKIYE, May\u0131s 2018<\/div>\n<div class=\"AkademikBilgiSatir\"><\/div>\n<\/li>\n<li>\n<div class=\"AkademikBilgiSatir\">Ula\u015ft\u0131rma ve Lojistik I. Ulusal Kongresi, <strong>D\u00fczenleme Kurulu Ba\u015fkan\u0131<\/strong>, T\u00dcRKIYE, Ekim 2017<\/div>\n<div class=\"AkademikBilgiSatir\"><\/div>\n<\/li>\n<li>\n<div class=\"AkademikBilgiSatir\">15. Ulusal \u0130\u015fletmecilik Kongresi, <strong>Dan\u0131\u015fma Kurulu \u00dcyesi<\/strong>, T\u00dcRKIYE, May\u0131s 2016<\/div>\n<\/li>\n<\/ul>\n","protected":false},"excerpt":{"rendered":"<p>B\u0130L\u0130MSEL DERG\u0130LERDEK\u0130 G\u00d6REVLER\u00a0 \u00a0 Journal of Transportation and Logistics, Edit\u00f6r, 03.04.2016 &#8211; Devam Ediyor \u0130stanbul \u00dcniversitesi A\u00e7\u0131k ve Uzaktan E\u011fitim Dergisi, Edit\u00f6r, 01.01.2015 &#8211; 01.08.2015 \u0130stanbul \u00dcniversitesi \u0130\u015fletme Fak\u00fcltesi Dergisi, Yard\u0131mc\u0131 Edit\u00f6r, 25.03.2009 &#8211; 01.01.2015 KATILDI\u011eI B\u0130L\u0130MSEL KONGRE \/ SEMPOZYUM &hellip; <a href=\"https:\/\/www.abdullahokumus.com\/?page_id=345\">Okumaya devam et <span class=\"meta-nav\">&rarr;<\/span><\/a><\/p>\n","protected":false},"author":2,"featured_media":0,"parent":0,"menu_order":6,"comment_status":"closed","ping_status":"closed","template":"","meta":{"jetpack_post_was_ever_published":false,"footnotes":""},"class_list":["post-345","page","type-page","status-publish","hentry"],"yoast_head":"<!-- This site is optimized with the Yoast SEO plugin v27.2 - https:\/\/yoast.com\/product\/yoast-seo-wordpress\/ -->\n<title>Bilimsel Faaliyetler - Prof. Dr. Abdullah OKUMU\u015e<\/title>\n<meta name=\"robots\" content=\"index, follow, max-snippet:-1, max-image-preview:large, max-video-preview:-1\" \/>\n<link rel=\"canonical\" href=\"https:\/\/www.abdullahokumus.com\/?page_id=345\" \/>\n<meta property=\"og:locale\" content=\"tr_TR\" \/>\n<meta property=\"og:type\" content=\"article\" \/>\n<meta property=\"og:title\" content=\"Bilimsel Faaliyetler - Prof. Dr. Abdullah OKUMU\u015e\" \/>\n<meta property=\"og:description\" content=\"B\u0130L\u0130MSEL DERG\u0130LERDEK\u0130 G\u00d6REVLER\u00a0 \u00a0 Journal of Transportation and Logistics, Edit\u00f6r, 03.04.2016 &#8211; Devam Ediyor \u0130stanbul \u00dcniversitesi A\u00e7\u0131k ve Uzaktan E\u011fitim Dergisi, Edit\u00f6r, 01.01.2015 &#8211; 01.08.2015 \u0130stanbul \u00dcniversitesi \u0130\u015fletme Fak\u00fcltesi Dergisi, Yard\u0131mc\u0131 Edit\u00f6r, 25.03.2009 &#8211; 01.01.2015 KATILDI\u011eI B\u0130L\u0130MSEL KONGRE \/ SEMPOZYUM &hellip; Okumaya devam et &rarr;\" \/>\n<meta property=\"og:url\" content=\"https:\/\/www.abdullahokumus.com\/?page_id=345\" \/>\n<meta property=\"og:site_name\" content=\"Prof. Dr. Abdullah OKUMU\u015e\" \/>\n<meta property=\"article:modified_time\" content=\"2018-04-09T12:41:53+00:00\" \/>\n<meta name=\"twitter:card\" content=\"summary_large_image\" \/>\n<meta name=\"twitter:label1\" content=\"Tahmini okuma s\u00fcresi\" \/>\n\t<meta name=\"twitter:data1\" content=\"1 dakika\" \/>\n<script type=\"application\/ld+json\" class=\"yoast-schema-graph\">{\"@context\":\"https:\/\/schema.org\",\"@graph\":[{\"@type\":\"WebPage\",\"@id\":\"https:\/\/www.abdullahokumus.com\/?page_id=345\",\"url\":\"https:\/\/www.abdullahokumus.com\/?page_id=345\",\"name\":\"Bilimsel Faaliyetler - Prof. Dr. Abdullah OKUMU\u015e\",\"isPartOf\":{\"@id\":\"https:\/\/www.abdullahokumus.com\/#website\"},\"datePublished\":\"2017-02-27T10:52:09+00:00\",\"dateModified\":\"2018-04-09T12:41:53+00:00\",\"breadcrumb\":{\"@id\":\"https:\/\/www.abdullahokumus.com\/?page_id=345#breadcrumb\"},\"inLanguage\":\"tr\",\"potentialAction\":[{\"@type\":\"ReadAction\",\"target\":[\"https:\/\/www.abdullahokumus.com\/?page_id=345\"]}]},{\"@type\":\"BreadcrumbList\",\"@id\":\"https:\/\/www.abdullahokumus.com\/?page_id=345#breadcrumb\",\"itemListElement\":[{\"@type\":\"ListItem\",\"position\":1,\"name\":\"Ana sayfa\",\"item\":\"https:\/\/www.abdullahokumus.com\/\"},{\"@type\":\"ListItem\",\"position\":2,\"name\":\"Bilimsel Faaliyetler\"}]},{\"@type\":\"WebSite\",\"@id\":\"https:\/\/www.abdullahokumus.com\/#website\",\"url\":\"https:\/\/www.abdullahokumus.com\/\",\"name\":\"Prof. Dr. Abdullah OKUMU\u015e\",\"description\":\"Dekan, \u0130stanbul \u00dcniversitesi, Ula\u015ft\u0131rma ve Lojistik Fak\u00fcltesi \/ \u0130stanbul \u00dcniversitesi, \u0130\u015fletme Fak\u00fcltesi, Pazarlama Anabilim Dal\u0131 \u00d6\u011fretim \u00dcyesi\",\"potentialAction\":[{\"@type\":\"SearchAction\",\"target\":{\"@type\":\"EntryPoint\",\"urlTemplate\":\"https:\/\/www.abdullahokumus.com\/?s={search_term_string}\"},\"query-input\":{\"@type\":\"PropertyValueSpecification\",\"valueRequired\":true,\"valueName\":\"search_term_string\"}}],\"inLanguage\":\"tr\"}]}<\/script>\n<!-- \/ Yoast SEO plugin. -->","yoast_head_json":{"title":"Bilimsel Faaliyetler - Prof. Dr. Abdullah OKUMU\u015e","robots":{"index":"index","follow":"follow","max-snippet":"max-snippet:-1","max-image-preview":"max-image-preview:large","max-video-preview":"max-video-preview:-1"},"canonical":"https:\/\/www.abdullahokumus.com\/?page_id=345","og_locale":"tr_TR","og_type":"article","og_title":"Bilimsel Faaliyetler - Prof. Dr. Abdullah OKUMU\u015e","og_description":"B\u0130L\u0130MSEL DERG\u0130LERDEK\u0130 G\u00d6REVLER\u00a0 \u00a0 Journal of Transportation and Logistics, Edit\u00f6r, 03.04.2016 &#8211; Devam Ediyor \u0130stanbul \u00dcniversitesi A\u00e7\u0131k ve Uzaktan E\u011fitim Dergisi, Edit\u00f6r, 01.01.2015 &#8211; 01.08.2015 \u0130stanbul \u00dcniversitesi \u0130\u015fletme Fak\u00fcltesi Dergisi, Yard\u0131mc\u0131 Edit\u00f6r, 25.03.2009 &#8211; 01.01.2015 KATILDI\u011eI B\u0130L\u0130MSEL KONGRE \/ SEMPOZYUM &hellip; Okumaya devam et &rarr;","og_url":"https:\/\/www.abdullahokumus.com\/?page_id=345","og_site_name":"Prof. Dr. Abdullah OKUMU\u015e","article_modified_time":"2018-04-09T12:41:53+00:00","twitter_card":"summary_large_image","twitter_misc":{"Tahmini okuma s\u00fcresi":"1 dakika"},"schema":{"@context":"https:\/\/schema.org","@graph":[{"@type":"WebPage","@id":"https:\/\/www.abdullahokumus.com\/?page_id=345","url":"https:\/\/www.abdullahokumus.com\/?page_id=345","name":"Bilimsel Faaliyetler - Prof. Dr. Abdullah OKUMU\u015e","isPartOf":{"@id":"https:\/\/www.abdullahokumus.com\/#website"},"datePublished":"2017-02-27T10:52:09+00:00","dateModified":"2018-04-09T12:41:53+00:00","breadcrumb":{"@id":"https:\/\/www.abdullahokumus.com\/?page_id=345#breadcrumb"},"inLanguage":"tr","potentialAction":[{"@type":"ReadAction","target":["https:\/\/www.abdullahokumus.com\/?page_id=345"]}]},{"@type":"BreadcrumbList","@id":"https:\/\/www.abdullahokumus.com\/?page_id=345#breadcrumb","itemListElement":[{"@type":"ListItem","position":1,"name":"Ana sayfa","item":"https:\/\/www.abdullahokumus.com\/"},{"@type":"ListItem","position":2,"name":"Bilimsel Faaliyetler"}]},{"@type":"WebSite","@id":"https:\/\/www.abdullahokumus.com\/#website","url":"https:\/\/www.abdullahokumus.com\/","name":"Prof. Dr. Abdullah OKUMU\u015e","description":"Dekan, \u0130stanbul \u00dcniversitesi, Ula\u015ft\u0131rma ve Lojistik Fak\u00fcltesi \/ \u0130stanbul \u00dcniversitesi, \u0130\u015fletme Fak\u00fcltesi, Pazarlama Anabilim Dal\u0131 \u00d6\u011fretim \u00dcyesi","potentialAction":[{"@type":"SearchAction","target":{"@type":"EntryPoint","urlTemplate":"https:\/\/www.abdullahokumus.com\/?s={search_term_string}"},"query-input":{"@type":"PropertyValueSpecification","valueRequired":true,"valueName":"search_term_string"}}],"inLanguage":"tr"}]}},"jetpack_sharing_enabled":true,"jetpack_shortlink":"https:\/\/wp.me\/Py4vK-5z","_links":{"self":[{"href":"https:\/\/www.abdullahokumus.com\/index.php?rest_route=\/wp\/v2\/pages\/345","targetHints":{"allow":["GET"]}}],"collection":[{"href":"https:\/\/www.abdullahokumus.com\/index.php?rest_route=\/wp\/v2\/pages"}],"about":[{"href":"https:\/\/www.abdullahokumus.com\/index.php?rest_route=\/wp\/v2\/types\/page"}],"author":[{"embeddable":true,"href":"https:\/\/www.abdullahokumus.com\/index.php?rest_route=\/wp\/v2\/users\/2"}],"replies":[{"embeddable":true,"href":"https:\/\/www.abdullahokumus.com\/index.php?rest_route=%2Fwp%2Fv2%2Fcomments&post=345"}],"version-history":[{"count":0,"href":"https:\/\/www.abdullahokumus.com\/index.php?rest_route=\/wp\/v2\/pages\/345\/revisions"}],"wp:attachment":[{"href":"https:\/\/www.abdullahokumus.com\/index.php?rest_route=%2Fwp%2Fv2%2Fmedia&parent=345"}],"curies":[{"name":"wp","href":"https:\/\/api.w.org\/{rel}","templated":true}]}}