{"id":352,"date":"2017-02-27T11:19:26","date_gmt":"2017-02-27T11:19:26","guid":{"rendered":"http:\/\/www.abdullahokumus.com\/?page_id=352"},"modified":"2017-02-27T13:51:34","modified_gmt":"2017-02-27T13:51:34","slug":"pazarlama-bloglari","status":"publish","type":"page","link":"https:\/\/www.abdullahokumus.com\/?page_id=352","title":{"rendered":"Pazarlama Bloglar\u0131"},"content":{"rendered":"<ul>\n<li><a href=\"http:\/\/pazarola.blogspot.com\/\">pazarola.blogspot.com<\/a><\/li>\n<li><a href=\"http:\/\/temelaksoy.com\/\">temelaksoy.com<\/a><\/li>\n<li><a href=\"http:\/\/ugurozmen.com\/\">ugurozmen.com<\/a><\/li>\n<li><a href=\"http:\/\/selimtuncer.blogspot.com.tr\/\">selimtuncer.blogspot.com.tr<\/a><\/li>\n<li><a href=\"http:\/\/pazarlamabitanedir.blogspot.com.tr\/\">pazarlamabitanedir.blogspot.com.tr<\/a><\/li>\n<li><a href=\"http:\/\/salimkadibesegil.com\/\">salimkadibesegil.com<\/a><\/li>\n<li><a href=\"http:\/\/www.yucezerey.com\/\">yucezerey.com<\/a><\/li>\n<li><a href=\"http:\/\/www.pazarlamasyon.com\/\">pazarlamasyon.com<\/a><\/li>\n<li><a href=\"http:\/\/marketingtr.net\/tr\/\">marketingtr.net\/tr\/<\/a><\/li>\n<li><a href=\"http:\/\/sosyalmedya.co\/\">sosyalmedya.co<\/a><\/li>\n<li><a href=\"http:\/\/pazarlamacanavari.com\/\">pazarlamacanavari.com<\/a><\/li>\n<li><a href=\"http:\/\/webrazzi.com\">webrazzi.com<\/a><\/li>\n<li><a href=\"http:\/\/uzaktancrmegitimi.com\/\">uzaktancrmegitimi.com<\/a><\/li>\n<li><a href=\"http:\/\/pazarlama30.com\/\">pazarlama30.com<\/a><\/li>\n<li><a href=\"http:\/\/truvainegi.com\/\">truvainegi.com<\/a><\/li>\n<li><a href=\"http:\/\/pelinozkanblog.com\/\">pelinozkanblog.com<\/a><\/li>\n<li><a href=\"https:\/\/www.mserdark.com\/\">mserdark.com<\/a><\/li>\n<li><a href=\"http:\/\/hasanbasusta.com\/\">hasanbasusta.com<\/a><\/li>\n<li><a href=\"http:\/\/bigumigu.com\/\">bigumigu.com<\/a><\/li>\n<li><a href=\"http:\/\/eticaretmag.com\/\">eticaretmag.com<\/a><\/li>\n<li><a href=\"http:\/\/b4mind.com\/\">b4mind.com<\/a><\/li>\n<li><a href=\"http:\/\/tusbeyinli.com\/\">tusbeyinli.com<\/a><\/li>\n<\/ul>\n","protected":false},"excerpt":{"rendered":"<p>pazarola.blogspot.com temelaksoy.com ugurozmen.com selimtuncer.blogspot.com.tr pazarlamabitanedir.blogspot.com.tr salimkadibesegil.com yucezerey.com pazarlamasyon.com marketingtr.net\/tr\/ sosyalmedya.co pazarlamacanavari.com webrazzi.com uzaktancrmegitimi.com pazarlama30.com truvainegi.com pelinozkanblog.com mserdark.com hasanbasusta.com bigumigu.com eticaretmag.com b4mind.com tusbeyinli.com<\/p>\n","protected":false},"author":2,"featured_media":0,"parent":0,"menu_order":6,"comment_status":"closed","ping_status":"closed","template":"","meta":{"jetpack_post_was_ever_published":false,"footnotes":""},"class_list":["post-352","page","type-page","status-publish","hentry"],"yoast_head":"<!-- This site is optimized with the Yoast SEO plugin v27.2 - https:\/\/yoast.com\/product\/yoast-seo-wordpress\/ -->\n<title>Pazarlama Bloglar\u0131 - Prof. Dr. Abdullah OKUMU\u015e<\/title>\n<meta name=\"robots\" content=\"index, follow, max-snippet:-1, max-image-preview:large, max-video-preview:-1\" \/>\n<link rel=\"canonical\" href=\"https:\/\/www.abdullahokumus.com\/?page_id=352\" \/>\n<meta property=\"og:locale\" content=\"tr_TR\" \/>\n<meta property=\"og:type\" content=\"article\" \/>\n<meta property=\"og:title\" content=\"Pazarlama Bloglar\u0131 - Prof. Dr. Abdullah OKUMU\u015e\" \/>\n<meta property=\"og:description\" content=\"pazarola.blogspot.com temelaksoy.com ugurozmen.com selimtuncer.blogspot.com.tr pazarlamabitanedir.blogspot.com.tr salimkadibesegil.com yucezerey.com pazarlamasyon.com marketingtr.net\/tr\/ sosyalmedya.co pazarlamacanavari.com webrazzi.com uzaktancrmegitimi.com pazarlama30.com truvainegi.com pelinozkanblog.com mserdark.com hasanbasusta.com bigumigu.com eticaretmag.com b4mind.com tusbeyinli.com\" \/>\n<meta property=\"og:url\" content=\"https:\/\/www.abdullahokumus.com\/?page_id=352\" \/>\n<meta property=\"og:site_name\" content=\"Prof. Dr. Abdullah OKUMU\u015e\" \/>\n<meta property=\"article:modified_time\" content=\"2017-02-27T13:51:34+00:00\" \/>\n<meta name=\"twitter:card\" content=\"summary_large_image\" \/>\n<script type=\"application\/ld+json\" class=\"yoast-schema-graph\">{\"@context\":\"https:\/\/schema.org\",\"@graph\":[{\"@type\":\"WebPage\",\"@id\":\"https:\/\/www.abdullahokumus.com\/?page_id=352\",\"url\":\"https:\/\/www.abdullahokumus.com\/?page_id=352\",\"name\":\"Pazarlama Bloglar\u0131 - Prof. Dr. Abdullah OKUMU\u015e\",\"isPartOf\":{\"@id\":\"https:\/\/www.abdullahokumus.com\/#website\"},\"datePublished\":\"2017-02-27T11:19:26+00:00\",\"dateModified\":\"2017-02-27T13:51:34+00:00\",\"breadcrumb\":{\"@id\":\"https:\/\/www.abdullahokumus.com\/?page_id=352#breadcrumb\"},\"inLanguage\":\"tr\",\"potentialAction\":[{\"@type\":\"ReadAction\",\"target\":[\"https:\/\/www.abdullahokumus.com\/?page_id=352\"]}]},{\"@type\":\"BreadcrumbList\",\"@id\":\"https:\/\/www.abdullahokumus.com\/?page_id=352#breadcrumb\",\"itemListElement\":[{\"@type\":\"ListItem\",\"position\":1,\"name\":\"Ana sayfa\",\"item\":\"https:\/\/www.abdullahokumus.com\/\"},{\"@type\":\"ListItem\",\"position\":2,\"name\":\"Pazarlama Bloglar\u0131\"}]},{\"@type\":\"WebSite\",\"@id\":\"https:\/\/www.abdullahokumus.com\/#website\",\"url\":\"https:\/\/www.abdullahokumus.com\/\",\"name\":\"Prof. Dr. Abdullah OKUMU\u015e\",\"description\":\"Dekan, \u0130stanbul \u00dcniversitesi, Ula\u015ft\u0131rma ve Lojistik Fak\u00fcltesi \/ \u0130stanbul \u00dcniversitesi, \u0130\u015fletme Fak\u00fcltesi, Pazarlama Anabilim Dal\u0131 \u00d6\u011fretim \u00dcyesi\",\"potentialAction\":[{\"@type\":\"SearchAction\",\"target\":{\"@type\":\"EntryPoint\",\"urlTemplate\":\"https:\/\/www.abdullahokumus.com\/?s={search_term_string}\"},\"query-input\":{\"@type\":\"PropertyValueSpecification\",\"valueRequired\":true,\"valueName\":\"search_term_string\"}}],\"inLanguage\":\"tr\"}]}<\/script>\n<!-- \/ Yoast SEO plugin. -->","yoast_head_json":{"title":"Pazarlama Bloglar\u0131 - Prof. Dr. Abdullah OKUMU\u015e","robots":{"index":"index","follow":"follow","max-snippet":"max-snippet:-1","max-image-preview":"max-image-preview:large","max-video-preview":"max-video-preview:-1"},"canonical":"https:\/\/www.abdullahokumus.com\/?page_id=352","og_locale":"tr_TR","og_type":"article","og_title":"Pazarlama Bloglar\u0131 - Prof. Dr. Abdullah OKUMU\u015e","og_description":"pazarola.blogspot.com temelaksoy.com ugurozmen.com selimtuncer.blogspot.com.tr pazarlamabitanedir.blogspot.com.tr salimkadibesegil.com yucezerey.com pazarlamasyon.com marketingtr.net\/tr\/ sosyalmedya.co pazarlamacanavari.com webrazzi.com uzaktancrmegitimi.com pazarlama30.com truvainegi.com pelinozkanblog.com mserdark.com hasanbasusta.com bigumigu.com eticaretmag.com b4mind.com tusbeyinli.com","og_url":"https:\/\/www.abdullahokumus.com\/?page_id=352","og_site_name":"Prof. Dr. Abdullah OKUMU\u015e","article_modified_time":"2017-02-27T13:51:34+00:00","twitter_card":"summary_large_image","schema":{"@context":"https:\/\/schema.org","@graph":[{"@type":"WebPage","@id":"https:\/\/www.abdullahokumus.com\/?page_id=352","url":"https:\/\/www.abdullahokumus.com\/?page_id=352","name":"Pazarlama Bloglar\u0131 - Prof. Dr. Abdullah OKUMU\u015e","isPartOf":{"@id":"https:\/\/www.abdullahokumus.com\/#website"},"datePublished":"2017-02-27T11:19:26+00:00","dateModified":"2017-02-27T13:51:34+00:00","breadcrumb":{"@id":"https:\/\/www.abdullahokumus.com\/?page_id=352#breadcrumb"},"inLanguage":"tr","potentialAction":[{"@type":"ReadAction","target":["https:\/\/www.abdullahokumus.com\/?page_id=352"]}]},{"@type":"BreadcrumbList","@id":"https:\/\/www.abdullahokumus.com\/?page_id=352#breadcrumb","itemListElement":[{"@type":"ListItem","position":1,"name":"Ana sayfa","item":"https:\/\/www.abdullahokumus.com\/"},{"@type":"ListItem","position":2,"name":"Pazarlama Bloglar\u0131"}]},{"@type":"WebSite","@id":"https:\/\/www.abdullahokumus.com\/#website","url":"https:\/\/www.abdullahokumus.com\/","name":"Prof. Dr. Abdullah OKUMU\u015e","description":"Dekan, \u0130stanbul \u00dcniversitesi, Ula\u015ft\u0131rma ve Lojistik Fak\u00fcltesi \/ \u0130stanbul \u00dcniversitesi, \u0130\u015fletme Fak\u00fcltesi, Pazarlama Anabilim Dal\u0131 \u00d6\u011fretim \u00dcyesi","potentialAction":[{"@type":"SearchAction","target":{"@type":"EntryPoint","urlTemplate":"https:\/\/www.abdullahokumus.com\/?s={search_term_string}"},"query-input":{"@type":"PropertyValueSpecification","valueRequired":true,"valueName":"search_term_string"}}],"inLanguage":"tr"}]}},"jetpack_sharing_enabled":true,"jetpack_shortlink":"https:\/\/wp.me\/Py4vK-5G","_links":{"self":[{"href":"https:\/\/www.abdullahokumus.com\/index.php?rest_route=\/wp\/v2\/pages\/352","targetHints":{"allow":["GET"]}}],"collection":[{"href":"https:\/\/www.abdullahokumus.com\/index.php?rest_route=\/wp\/v2\/pages"}],"about":[{"href":"https:\/\/www.abdullahokumus.com\/index.php?rest_route=\/wp\/v2\/types\/page"}],"author":[{"embeddable":true,"href":"https:\/\/www.abdullahokumus.com\/index.php?rest_route=\/wp\/v2\/users\/2"}],"replies":[{"embeddable":true,"href":"https:\/\/www.abdullahokumus.com\/index.php?rest_route=%2Fwp%2Fv2%2Fcomments&post=352"}],"version-history":[{"count":0,"href":"https:\/\/www.abdullahokumus.com\/index.php?rest_route=\/wp\/v2\/pages\/352\/revisions"}],"wp:attachment":[{"href":"https:\/\/www.abdullahokumus.com\/index.php?rest_route=%2Fwp%2Fv2%2Fmedia&parent=352"}],"curies":[{"name":"wp","href":"https:\/\/api.w.org\/{rel}","templated":true}]}}