{"id":75,"date":"2009-05-11T10:47:25","date_gmt":"2009-05-11T08:47:25","guid":{"rendered":"http:\/\/www.abdullahokumus.com\/?page_id=75"},"modified":"2017-02-27T11:20:53","modified_gmt":"2017-02-27T11:20:53","slug":"iletisim","status":"publish","type":"page","link":"https:\/\/www.abdullahokumus.com\/?page_id=75","title":{"rendered":"\u0130leti\u015fim"},"content":{"rendered":"<p><strong>Prof. Dr. Abdullah OKUMU\u015e<\/strong><\/p>\n<p style=\"padding-left: 30px;\"><em>\u0130stanbul \u00dcniversitesi,\u00a0<\/em><em>\u0130\u015fletme Fak\u00fcltesi<\/em><\/p>\n<p style=\"padding-left: 30px;\"><em>Pazarlama Anabilim Dal\u0131,\u00a0<\/em><em>Avc\u0131lar Kamp\u00fcs\u00fc <\/em><\/p>\n<p style=\"padding-left: 30px;\"><em>34320, Avc\u0131lar\/\u0130stanbul<\/em><\/p>\n<p><strong>Tel:<\/strong> +90 212 473 70 70\/18268<\/p>\n<p><strong>E-posta:<\/strong> <a href=\"mailto:aokumus@hotmail.com\">aokumus@hotmail.com<\/a>\u00a0|\u00a0<a href=\"mailto:okumus@istanbul.edu.tr\">okumus@istanbul.edu.tr<\/a><\/p>\n","protected":false},"excerpt":{"rendered":"<p>Prof. Dr. Abdullah OKUMU\u015e \u0130stanbul \u00dcniversitesi,\u00a0\u0130\u015fletme Fak\u00fcltesi Pazarlama Anabilim Dal\u0131,\u00a0Avc\u0131lar Kamp\u00fcs\u00fc 34320, Avc\u0131lar\/\u0130stanbul Tel: +90 212 473 70 70\/18268 E-posta: aokumus@hotmail.com\u00a0|\u00a0okumus@istanbul.edu.tr<\/p>\n","protected":false},"author":2,"featured_media":0,"parent":0,"menu_order":7,"comment_status":"closed","ping_status":"open","template":"","meta":{"jetpack_post_was_ever_published":false,"footnotes":""},"class_list":["post-75","page","type-page","status-publish","hentry"],"yoast_head":"<!-- This site is optimized with the Yoast SEO plugin v27.2 - https:\/\/yoast.com\/product\/yoast-seo-wordpress\/ -->\n<title>\u0130leti\u015fim - Prof. Dr. Abdullah OKUMU\u015e<\/title>\n<meta name=\"robots\" content=\"index, follow, max-snippet:-1, max-image-preview:large, max-video-preview:-1\" \/>\n<link rel=\"canonical\" href=\"https:\/\/www.abdullahokumus.com\/?page_id=75\" \/>\n<meta property=\"og:locale\" content=\"tr_TR\" \/>\n<meta property=\"og:type\" content=\"article\" \/>\n<meta property=\"og:title\" content=\"\u0130leti\u015fim - Prof. Dr. Abdullah OKUMU\u015e\" \/>\n<meta property=\"og:description\" content=\"Prof. Dr. Abdullah OKUMU\u015e \u0130stanbul \u00dcniversitesi,\u00a0\u0130\u015fletme Fak\u00fcltesi Pazarlama Anabilim Dal\u0131,\u00a0Avc\u0131lar Kamp\u00fcs\u00fc 34320, Avc\u0131lar\/\u0130stanbul Tel: +90 212 473 70 70\/18268 E-posta: aokumus@hotmail.com\u00a0|\u00a0okumus@istanbul.edu.tr\" \/>\n<meta property=\"og:url\" content=\"https:\/\/www.abdullahokumus.com\/?page_id=75\" \/>\n<meta property=\"og:site_name\" content=\"Prof. Dr. Abdullah OKUMU\u015e\" \/>\n<meta property=\"article:modified_time\" content=\"2017-02-27T11:20:53+00:00\" \/>\n<meta name=\"twitter:card\" content=\"summary_large_image\" \/>\n<script type=\"application\/ld+json\" class=\"yoast-schema-graph\">{\"@context\":\"https:\/\/schema.org\",\"@graph\":[{\"@type\":\"WebPage\",\"@id\":\"https:\/\/www.abdullahokumus.com\/?page_id=75\",\"url\":\"https:\/\/www.abdullahokumus.com\/?page_id=75\",\"name\":\"\u0130leti\u015fim - Prof. Dr. Abdullah OKUMU\u015e\",\"isPartOf\":{\"@id\":\"https:\/\/www.abdullahokumus.com\/#website\"},\"datePublished\":\"2009-05-11T08:47:25+00:00\",\"dateModified\":\"2017-02-27T11:20:53+00:00\",\"breadcrumb\":{\"@id\":\"https:\/\/www.abdullahokumus.com\/?page_id=75#breadcrumb\"},\"inLanguage\":\"tr\",\"potentialAction\":[{\"@type\":\"ReadAction\",\"target\":[\"https:\/\/www.abdullahokumus.com\/?page_id=75\"]}]},{\"@type\":\"BreadcrumbList\",\"@id\":\"https:\/\/www.abdullahokumus.com\/?page_id=75#breadcrumb\",\"itemListElement\":[{\"@type\":\"ListItem\",\"position\":1,\"name\":\"Ana sayfa\",\"item\":\"https:\/\/www.abdullahokumus.com\/\"},{\"@type\":\"ListItem\",\"position\":2,\"name\":\"\u0130leti\u015fim\"}]},{\"@type\":\"WebSite\",\"@id\":\"https:\/\/www.abdullahokumus.com\/#website\",\"url\":\"https:\/\/www.abdullahokumus.com\/\",\"name\":\"Prof. Dr. Abdullah OKUMU\u015e\",\"description\":\"Dekan, \u0130stanbul \u00dcniversitesi, Ula\u015ft\u0131rma ve Lojistik Fak\u00fcltesi \/ \u0130stanbul \u00dcniversitesi, \u0130\u015fletme Fak\u00fcltesi, Pazarlama Anabilim Dal\u0131 \u00d6\u011fretim \u00dcyesi\",\"potentialAction\":[{\"@type\":\"SearchAction\",\"target\":{\"@type\":\"EntryPoint\",\"urlTemplate\":\"https:\/\/www.abdullahokumus.com\/?s={search_term_string}\"},\"query-input\":{\"@type\":\"PropertyValueSpecification\",\"valueRequired\":true,\"valueName\":\"search_term_string\"}}],\"inLanguage\":\"tr\"}]}<\/script>\n<!-- \/ Yoast SEO plugin. -->","yoast_head_json":{"title":"\u0130leti\u015fim - Prof. Dr. Abdullah OKUMU\u015e","robots":{"index":"index","follow":"follow","max-snippet":"max-snippet:-1","max-image-preview":"max-image-preview:large","max-video-preview":"max-video-preview:-1"},"canonical":"https:\/\/www.abdullahokumus.com\/?page_id=75","og_locale":"tr_TR","og_type":"article","og_title":"\u0130leti\u015fim - Prof. Dr. Abdullah OKUMU\u015e","og_description":"Prof. Dr. Abdullah OKUMU\u015e \u0130stanbul \u00dcniversitesi,\u00a0\u0130\u015fletme Fak\u00fcltesi Pazarlama Anabilim Dal\u0131,\u00a0Avc\u0131lar Kamp\u00fcs\u00fc 34320, Avc\u0131lar\/\u0130stanbul Tel: +90 212 473 70 70\/18268 E-posta: aokumus@hotmail.com\u00a0|\u00a0okumus@istanbul.edu.tr","og_url":"https:\/\/www.abdullahokumus.com\/?page_id=75","og_site_name":"Prof. Dr. Abdullah OKUMU\u015e","article_modified_time":"2017-02-27T11:20:53+00:00","twitter_card":"summary_large_image","schema":{"@context":"https:\/\/schema.org","@graph":[{"@type":"WebPage","@id":"https:\/\/www.abdullahokumus.com\/?page_id=75","url":"https:\/\/www.abdullahokumus.com\/?page_id=75","name":"\u0130leti\u015fim - Prof. Dr. Abdullah OKUMU\u015e","isPartOf":{"@id":"https:\/\/www.abdullahokumus.com\/#website"},"datePublished":"2009-05-11T08:47:25+00:00","dateModified":"2017-02-27T11:20:53+00:00","breadcrumb":{"@id":"https:\/\/www.abdullahokumus.com\/?page_id=75#breadcrumb"},"inLanguage":"tr","potentialAction":[{"@type":"ReadAction","target":["https:\/\/www.abdullahokumus.com\/?page_id=75"]}]},{"@type":"BreadcrumbList","@id":"https:\/\/www.abdullahokumus.com\/?page_id=75#breadcrumb","itemListElement":[{"@type":"ListItem","position":1,"name":"Ana sayfa","item":"https:\/\/www.abdullahokumus.com\/"},{"@type":"ListItem","position":2,"name":"\u0130leti\u015fim"}]},{"@type":"WebSite","@id":"https:\/\/www.abdullahokumus.com\/#website","url":"https:\/\/www.abdullahokumus.com\/","name":"Prof. Dr. Abdullah OKUMU\u015e","description":"Dekan, \u0130stanbul \u00dcniversitesi, Ula\u015ft\u0131rma ve Lojistik Fak\u00fcltesi \/ \u0130stanbul \u00dcniversitesi, \u0130\u015fletme Fak\u00fcltesi, Pazarlama Anabilim Dal\u0131 \u00d6\u011fretim \u00dcyesi","potentialAction":[{"@type":"SearchAction","target":{"@type":"EntryPoint","urlTemplate":"https:\/\/www.abdullahokumus.com\/?s={search_term_string}"},"query-input":{"@type":"PropertyValueSpecification","valueRequired":true,"valueName":"search_term_string"}}],"inLanguage":"tr"}]}},"jetpack_sharing_enabled":true,"jetpack_shortlink":"https:\/\/wp.me\/Py4vK-1d","_links":{"self":[{"href":"https:\/\/www.abdullahokumus.com\/index.php?rest_route=\/wp\/v2\/pages\/75","targetHints":{"allow":["GET"]}}],"collection":[{"href":"https:\/\/www.abdullahokumus.com\/index.php?rest_route=\/wp\/v2\/pages"}],"about":[{"href":"https:\/\/www.abdullahokumus.com\/index.php?rest_route=\/wp\/v2\/types\/page"}],"author":[{"embeddable":true,"href":"https:\/\/www.abdullahokumus.com\/index.php?rest_route=\/wp\/v2\/users\/2"}],"replies":[{"embeddable":true,"href":"https:\/\/www.abdullahokumus.com\/index.php?rest_route=%2Fwp%2Fv2%2Fcomments&post=75"}],"version-history":[{"count":0,"href":"https:\/\/www.abdullahokumus.com\/index.php?rest_route=\/wp\/v2\/pages\/75\/revisions"}],"wp:attachment":[{"href":"https:\/\/www.abdullahokumus.com\/index.php?rest_route=%2Fwp%2Fv2%2Fmedia&parent=75"}],"curies":[{"name":"wp","href":"https:\/\/api.w.org\/{rel}","templated":true}]}}